{"id":18342,"date":"2026-04-10T18:43:55","date_gmt":"2026-04-10T18:43:55","guid":{"rendered":""},"modified":"2026-04-10T18:43:55","modified_gmt":"2026-04-10T18:43:55","slug":"bico-ondine-nahast-ripats-el9","status":"publish","type":"product","link":"https:\/\/bico.ee\/lt\/p\/bico-ondine-pakabukas-su-oda-el9\/","title":{"rendered":"Bico &#8220;Ondine&#8221; pakabukas su oda (EL9)"},"content":{"rendered":"<p>Galingas dirbtini\u0173 ir nat\u016brali\u0173 element\u0173 derinys, derinantis rankiniu b\u016bdu \u0161lifuotus alavo pakabu\u010dius su ra\u0161tuotais odiniais intarpais. <BR><UL><LI>Pavadinimas: Ondine <\/LI><LI>Reik\u0161m\u0117: Sav\u0119s i\u0161saugojimas \u201eInner Soul Bico\u201c si\u016blo daugyb\u0119 matini\u0173 grandini\u0173, odini\u0173 virveli\u0173 ir pakabu\u010di\u0173, kurie papildys \u0161\u012f pakabuk\u0105 Galimi apdailos variantai: sidabrin\u0117\/raudona oda arba sidabrin\u0117\/ruda oda. Pakabuko plotis: 2.7cm Ilgis: 2.7cm Kilpos skersmuo: 5mm<\/p>","protected":false},"excerpt":{"rendered":"<p>EL9 0<\/p>\n","protected":false},"featured_media":18343,"template":"","meta":[],"product_cat":[277,284],"product_tag":[],"_links":{"self":[{"href":"https:\/\/bico.ee\/lt\/wp-json\/wp\/v2\/product\/18342"}],"collection":[{"href":"https:\/\/bico.ee\/lt\/wp-json\/wp\/v2\/product"}],"about":[{"href":"https:\/\/bico.ee\/lt\/wp-json\/wp\/v2\/types\/product"}],"wp:featuredmedia":[{"embeddable":true,"href":"https:\/\/bico.ee\/lt\/wp-json\/wp\/v2\/media\/18343"}],"wp:attachment":[{"href":"https:\/\/bico.ee\/lt\/wp-json\/wp\/v2\/media?parent=18342"}],"wp:term":[{"taxonomy":"product_cat","embeddable":true,"href":"https:\/\/bico.ee\/lt\/wp-json\/wp\/v2\/product_cat?post=18342"},{"taxonomy":"product_tag","embeddable":true,"href":"https:\/\/bico.ee\/lt\/wp-json\/wp\/v2\/product_tag?post=18342"}],"curies":[{"name":"wp","href":"https:\/\/api.w.org\/{rel}","templated":true}]}}