{"id":18360,"date":"2026-04-10T18:43:56","date_gmt":"2026-04-10T18:43:56","guid":{"rendered":""},"modified":"2026-04-10T18:43:56","modified_gmt":"2026-04-10T18:43:56","slug":"bico-pescare-vaik-ja-metallist-kala-ripats-b14","status":"publish","type":"product","link":"https:\/\/bico.ee\/lt\/p\/bico-pescare-derva-ir-metalinis-zuvies-pakabukas-b14\/","title":{"rendered":"Bico &#8220;Pescare&#8221; derva ir metalinis \u017euvies pakabukas (B14)"},"content":{"rendered":"<p>Tai nesenstan\u010dio <\/LI><LI>\u201eBico\u201c pakabuk\u0173 asortimento dalis, jungianti metal\u0105 su spalvotais derva. <BR><UL><LI>Pavadinimas: Pescare <\/LI><LI>Reik\u0161m\u0117: Patikimas draugas Bico si\u016blo daugyb\u0119 matini\u0173 grandini\u0173, odini\u0173 virveli\u0173 ir pakabu\u010di\u0173, kurie papildys \u0161\u012f pakabuk\u0105 Galimos spalvos: m\u0117lyna, juoda, raudona, \u0161viesiai m\u0117lyna. Pakabuko plotis: 2,1 cm, ilgis: 2,1 cm, kilpos skersmuo: 6,5 mm<\/p>","protected":false},"excerpt":{"rendered":"<p>B14 0<\/p>\n","protected":false},"featured_media":18361,"template":"","meta":[],"product_cat":[277,289],"product_tag":[],"_links":{"self":[{"href":"https:\/\/bico.ee\/lt\/wp-json\/wp\/v2\/product\/18360"}],"collection":[{"href":"https:\/\/bico.ee\/lt\/wp-json\/wp\/v2\/product"}],"about":[{"href":"https:\/\/bico.ee\/lt\/wp-json\/wp\/v2\/types\/product"}],"wp:featuredmedia":[{"embeddable":true,"href":"https:\/\/bico.ee\/lt\/wp-json\/wp\/v2\/media\/18361"}],"wp:attachment":[{"href":"https:\/\/bico.ee\/lt\/wp-json\/wp\/v2\/media?parent=18360"}],"wp:term":[{"taxonomy":"product_cat","embeddable":true,"href":"https:\/\/bico.ee\/lt\/wp-json\/wp\/v2\/product_cat?post=18360"},{"taxonomy":"product_tag","embeddable":true,"href":"https:\/\/bico.ee\/lt\/wp-json\/wp\/v2\/product_tag?post=18360"}],"curies":[{"name":"wp","href":"https:\/\/api.w.org\/{rel}","templated":true}]}}