{"id":18372,"date":"2026-04-10T18:43:56","date_gmt":"2026-04-10T18:43:56","guid":{"rendered":""},"modified":"2026-04-10T18:43:56","modified_gmt":"2026-04-10T18:43:56","slug":"bico-sapho-vaik-ja-metallist-emane-naisripats-b28","status":"publish","type":"product","link":"https:\/\/bico.ee\/lt\/p\/bico-sapho-derva-ir-metaline-patele-moteriskas-pakabukas-b28\/","title":{"rendered":"Bico &#8220;Sapho&#8221; derva ir metalin\u0117 patel\u0117+moteri\u0161kas pakabukas (B28)"},"content":{"rendered":"<p>Tai nesenstan\u010dio <\/LI><LI>\u201eBico\u201c pakabuk\u0173 asortimento dalis, jungianti metal\u0105 su spalvotais derva. <BR><UL><LI>Pavadinimas: Sapho <\/LI><LI>Reik\u0161m\u0117: \u201eTwo Venuses United Bico\u201c si\u016blo daugyb\u0119 matini\u0173 grandini\u0173, odini\u0173 virveli\u0173 ir pakabuk\u0173, kurie papildys \u0161\u012f pakabuk\u0105 Galimos spalvos: m\u0117lyna, juoda, raudona, \u0161viesiai m\u0117lyna. Pakabuko plotis: 2,5 cm Ilgis: 2,5 cm Kilpos skersmuo: 6,5 mm<\/p>","protected":false},"excerpt":{"rendered":"<p>B28 0<\/p>\n","protected":false},"featured_media":18373,"template":"","meta":[],"product_cat":[277,289],"product_tag":[],"_links":{"self":[{"href":"https:\/\/bico.ee\/lt\/wp-json\/wp\/v2\/product\/18372"}],"collection":[{"href":"https:\/\/bico.ee\/lt\/wp-json\/wp\/v2\/product"}],"about":[{"href":"https:\/\/bico.ee\/lt\/wp-json\/wp\/v2\/types\/product"}],"wp:featuredmedia":[{"embeddable":true,"href":"https:\/\/bico.ee\/lt\/wp-json\/wp\/v2\/media\/18373"}],"wp:attachment":[{"href":"https:\/\/bico.ee\/lt\/wp-json\/wp\/v2\/media?parent=18372"}],"wp:term":[{"taxonomy":"product_cat","embeddable":true,"href":"https:\/\/bico.ee\/lt\/wp-json\/wp\/v2\/product_cat?post=18372"},{"taxonomy":"product_tag","embeddable":true,"href":"https:\/\/bico.ee\/lt\/wp-json\/wp\/v2\/product_tag?post=18372"}],"curies":[{"name":"wp","href":"https:\/\/api.w.org\/{rel}","templated":true}]}}