{"id":18485,"date":"2026-04-10T18:43:57","date_gmt":"2026-04-10T18:43:57","guid":{"rendered":""},"modified":"2026-04-10T18:43:57","modified_gmt":"2026-04-10T18:43:57","slug":"bico-hoshi-vaik-ja-metallist-meritahe-ripats-b223","status":"publish","type":"product","link":"https:\/\/bico.ee\/lt\/p\/bico-hoshi-derva-ir-metalinis-juru-zvaigzdziu-pakabukas-b223\/","title":{"rendered":"Bico &#8220;Hoshi&#8221; derva ir metalinis j\u016br\u0173 \u017evaig\u017ed\u017ei\u0173 pakabukas (B223)"},"content":{"rendered":"<p>Tai nesenstan\u010dio <\/LI><LI>\u201eBico\u201c pakabuk\u0173 asortimento dalis, jungianti metal\u0105 su spalvotais derva. <BR><UL><LI>Pavadinimas: Hoshi <\/LI><LI>Reik\u0161m\u0117: \u201eSea Star Bico\u201c si\u016blo daugyb\u0119 matini\u0173 grandini\u0173, odini\u0173 virveli\u0173 ir pakabu\u010di\u0173, kurie papildys \u0161\u012f pakabuk\u0105 Galimos spalvos: m\u0117lyna, juoda, raudona, \u0161viesiai m\u0117lyna. Pakabuko plotis: 4,4 cm, ilgis: 4,4 cm, kilpos skersmuo: 4,5 mm<\/p>","protected":false},"excerpt":{"rendered":"<p>B223 0<\/p>\n","protected":false},"featured_media":18486,"template":"","meta":[],"product_cat":[277,289],"product_tag":[],"_links":{"self":[{"href":"https:\/\/bico.ee\/lt\/wp-json\/wp\/v2\/product\/18485"}],"collection":[{"href":"https:\/\/bico.ee\/lt\/wp-json\/wp\/v2\/product"}],"about":[{"href":"https:\/\/bico.ee\/lt\/wp-json\/wp\/v2\/types\/product"}],"wp:featuredmedia":[{"embeddable":true,"href":"https:\/\/bico.ee\/lt\/wp-json\/wp\/v2\/media\/18486"}],"wp:attachment":[{"href":"https:\/\/bico.ee\/lt\/wp-json\/wp\/v2\/media?parent=18485"}],"wp:term":[{"taxonomy":"product_cat","embeddable":true,"href":"https:\/\/bico.ee\/lt\/wp-json\/wp\/v2\/product_cat?post=18485"},{"taxonomy":"product_tag","embeddable":true,"href":"https:\/\/bico.ee\/lt\/wp-json\/wp\/v2\/product_tag?post=18485"}],"curies":[{"name":"wp","href":"https:\/\/api.w.org\/{rel}","templated":true}]}}