{"id":18497,"date":"2026-04-10T18:43:57","date_gmt":"2026-04-10T18:43:57","guid":{"rendered":""},"modified":"2026-04-10T18:43:57","modified_gmt":"2026-04-10T18:43:57","slug":"bico-intensity-labipaistev-vaik-ja-metallist-ripats-bt32","status":"publish","type":"product","link":"https:\/\/bico.ee\/lt\/p\/bico-intensity-skaidrios-dervos-ir-metalo-pakabukas-bt32\/","title":{"rendered":"Bico &#8220;Intensity&#8221; skaidrios dervos ir metalo pakabukas (BT32)"},"content":{"rendered":"<p>Unikalaus stiliaus pakabukas su skaidrios spalvos dervos langais, pakabintais rankomis \u0161lifuoto blizgan\u010dio alavo r\u0117me. <BR><UL><LI>Pavadinimas: Intensyvumas <\/LI><LI>Reik\u0161m\u0117: Vidin\u0117 paie\u0161ka <\/LI><LI>\u201eBico\u201c si\u016blo daugyb\u0119 poliruot\u0173 (FT) grandini\u0173, odini\u0173 virveli\u0173 ir pakabu\u010di\u0173, kurie papildys \u0161\u012f pakabuk\u0105 Galimos spalvos: m\u0117lyna, juoda, raudona. Pakabuko plotis: 2,3 cm, ilgis: 4,8 cm, kilpos skersmuo: 6,5 mm<\/p>","protected":false},"excerpt":{"rendered":"<p>BT32 0<\/p>\n","protected":false},"featured_media":18498,"template":"","meta":[],"product_cat":[89],"product_tag":[],"_links":{"self":[{"href":"https:\/\/bico.ee\/lt\/wp-json\/wp\/v2\/product\/18497"}],"collection":[{"href":"https:\/\/bico.ee\/lt\/wp-json\/wp\/v2\/product"}],"about":[{"href":"https:\/\/bico.ee\/lt\/wp-json\/wp\/v2\/types\/product"}],"wp:featuredmedia":[{"embeddable":true,"href":"https:\/\/bico.ee\/lt\/wp-json\/wp\/v2\/media\/18498"}],"wp:attachment":[{"href":"https:\/\/bico.ee\/lt\/wp-json\/wp\/v2\/media?parent=18497"}],"wp:term":[{"taxonomy":"product_cat","embeddable":true,"href":"https:\/\/bico.ee\/lt\/wp-json\/wp\/v2\/product_cat?post=18497"},{"taxonomy":"product_tag","embeddable":true,"href":"https:\/\/bico.ee\/lt\/wp-json\/wp\/v2\/product_tag?post=18497"}],"curies":[{"name":"wp","href":"https:\/\/api.w.org\/{rel}","templated":true}]}}