{"id":18503,"date":"2026-04-10T18:43:57","date_gmt":"2026-04-10T18:43:57","guid":{"rendered":""},"modified":"2026-04-10T18:43:57","modified_gmt":"2026-04-10T18:43:57","slug":"bico-matua-luna-labipaistev-vaik-ja-metallist-ripats-bt37","status":"publish","type":"product","link":"https:\/\/bico.ee\/lt\/p\/bico-matua-luna-skaidrus-derva-ir-metalinis-pakabukas-bt37\/","title":{"rendered":"Bico &#8220;Matua Luna&#8221; skaidrus derva ir metalinis pakabukas (BT37)"},"content":{"rendered":"<p>Unikalaus stiliaus pakabukas su skaidrios spalvos dervos langais, pakabintais rankomis \u0161lifuoto blizgan\u010dio alavo r\u0117me. <BR><UL><LI>Pavadinimas: Matua Luna <\/LI><LI>Reik\u0161m\u0117: \u201eRenewal And Good Fortune\u201c <\/LI><LI>\u201eBico\u201c si\u016blo daugyb\u0119 poliruot\u0173 (FT) grandini\u0173, odini\u0173 virveli\u0173 ir pakabuk\u0173, kurie papildys \u0161\u012f pakabuk\u0105 Galimos spalvos: m\u0117lyna, juoda, raudona. Pakabuko plotis: 2,2 cm, ilgis: 3,8 cm, kilpos skersmuo: 6,5 mm<\/p>","protected":false},"excerpt":{"rendered":"<p>BT37 0<\/p>\n","protected":false},"featured_media":18504,"template":"","meta":[],"product_cat":[89],"product_tag":[],"_links":{"self":[{"href":"https:\/\/bico.ee\/lt\/wp-json\/wp\/v2\/product\/18503"}],"collection":[{"href":"https:\/\/bico.ee\/lt\/wp-json\/wp\/v2\/product"}],"about":[{"href":"https:\/\/bico.ee\/lt\/wp-json\/wp\/v2\/types\/product"}],"wp:featuredmedia":[{"embeddable":true,"href":"https:\/\/bico.ee\/lt\/wp-json\/wp\/v2\/media\/18504"}],"wp:attachment":[{"href":"https:\/\/bico.ee\/lt\/wp-json\/wp\/v2\/media?parent=18503"}],"wp:term":[{"taxonomy":"product_cat","embeddable":true,"href":"https:\/\/bico.ee\/lt\/wp-json\/wp\/v2\/product_cat?post=18503"},{"taxonomy":"product_tag","embeddable":true,"href":"https:\/\/bico.ee\/lt\/wp-json\/wp\/v2\/product_tag?post=18503"}],"curies":[{"name":"wp","href":"https:\/\/api.w.org\/{rel}","templated":true}]}}