{"id":18505,"date":"2026-04-10T18:43:57","date_gmt":"2026-04-10T18:43:57","guid":{"rendered":""},"modified":"2026-04-10T18:43:57","modified_gmt":"2026-04-10T18:43:57","slug":"bico-nornali-labipaistev-vaik-ja-metallist-ripats-bt42","status":"publish","type":"product","link":"https:\/\/bico.ee\/lt\/p\/bico-nornali-skaidrus-derva-ir-metalinis-pakabukas-bt42\/","title":{"rendered":"Bico &#8220;Nornali&#8221; skaidrus derva ir metalinis pakabukas (BT42)"},"content":{"rendered":"<p>Unikalaus stiliaus pakabukas su skaidrios spalvos dervos langais, pakabintais rankomis \u0161lifuoto blizgan\u010dio alavo r\u0117me. <BR><UL><LI>Pavadinimas: Nornali <\/LI><LI>Reik\u0161m\u0117: \u201eMystic Fountain Of Life Bico\u201c si\u016blo daugyb\u0119 poliruot\u0173 (FT) grandini\u0173, odini\u0173 virveli\u0173 ir pakabuk\u0173, kurie papildys \u0161\u012f pakabuk\u0105 Galimos spalvos: m\u0117lyna, juoda, raudona. Pakabuko plotis: 2,7 cm, ilgis: 2,7 cm, kilpos skersmuo: 6,5 mm<\/p>","protected":false},"excerpt":{"rendered":"<p>BT42 0<\/p>\n","protected":false},"featured_media":18506,"template":"","meta":[],"product_cat":[89],"product_tag":[],"_links":{"self":[{"href":"https:\/\/bico.ee\/lt\/wp-json\/wp\/v2\/product\/18505"}],"collection":[{"href":"https:\/\/bico.ee\/lt\/wp-json\/wp\/v2\/product"}],"about":[{"href":"https:\/\/bico.ee\/lt\/wp-json\/wp\/v2\/types\/product"}],"wp:featuredmedia":[{"embeddable":true,"href":"https:\/\/bico.ee\/lt\/wp-json\/wp\/v2\/media\/18506"}],"wp:attachment":[{"href":"https:\/\/bico.ee\/lt\/wp-json\/wp\/v2\/media?parent=18505"}],"wp:term":[{"taxonomy":"product_cat","embeddable":true,"href":"https:\/\/bico.ee\/lt\/wp-json\/wp\/v2\/product_cat?post=18505"},{"taxonomy":"product_tag","embeddable":true,"href":"https:\/\/bico.ee\/lt\/wp-json\/wp\/v2\/product_tag?post=18505"}],"curies":[{"name":"wp","href":"https:\/\/api.w.org\/{rel}","templated":true}]}}