{"id":18507,"date":"2026-04-10T18:43:57","date_gmt":"2026-04-10T18:43:57","guid":{"rendered":""},"modified":"2026-04-10T18:43:57","modified_gmt":"2026-04-10T18:43:57","slug":"bico-keskaegne-paikesekilp-labipaistev-vaik-ja-metallist-ripats-bt44","status":"publish","type":"product","link":"https:\/\/bico.ee\/lt\/p\/bico-viduramziu-saules-skydas-skaidrios-dervos-ir-metalo-pakabukas-bt44\/","title":{"rendered":"Bico &#8220;Viduram\u017ei\u0173 saul\u0117s skydas&#8221; skaidrios dervos ir metalo pakabukas (BT44)"},"content":{"rendered":"<p>Unikalaus stiliaus pakabukas su skaidrios spalvos dervos langais, pakabintais rankomis \u0161lifuoto blizgan\u010dio alavo r\u0117me. <BR><UL><LI>Pavadinimas: viduram\u017ei\u0173 skydas nuo saul\u0117s <\/LI><LI>Reik\u0161m\u0117: \u012fkv\u0117pimas \u0161viesai \u201eSoul Bico\u201c si\u016blo \u012fvairias poliruotas (FT) grandines, odines virves ir pakabukus, kurie papildys \u0161\u012f pakabuk\u0105 Galimos spalvos: m\u0117lyna, juoda, raudona. Pakabuko plotis: 2,7 cm, ilgis: 2,8 cm, kilpos skersmuo: 6,5 mm<\/p>","protected":false},"excerpt":{"rendered":"<p>BT44 0<\/p>\n","protected":false},"featured_media":18508,"template":"","meta":[],"product_cat":[89],"product_tag":[],"_links":{"self":[{"href":"https:\/\/bico.ee\/lt\/wp-json\/wp\/v2\/product\/18507"}],"collection":[{"href":"https:\/\/bico.ee\/lt\/wp-json\/wp\/v2\/product"}],"about":[{"href":"https:\/\/bico.ee\/lt\/wp-json\/wp\/v2\/types\/product"}],"wp:featuredmedia":[{"embeddable":true,"href":"https:\/\/bico.ee\/lt\/wp-json\/wp\/v2\/media\/18508"}],"wp:attachment":[{"href":"https:\/\/bico.ee\/lt\/wp-json\/wp\/v2\/media?parent=18507"}],"wp:term":[{"taxonomy":"product_cat","embeddable":true,"href":"https:\/\/bico.ee\/lt\/wp-json\/wp\/v2\/product_cat?post=18507"},{"taxonomy":"product_tag","embeddable":true,"href":"https:\/\/bico.ee\/lt\/wp-json\/wp\/v2\/product_tag?post=18507"}],"curies":[{"name":"wp","href":"https:\/\/api.w.org\/{rel}","templated":true}]}}