{"id":18509,"date":"2026-04-10T18:43:58","date_gmt":"2026-04-10T18:43:58","guid":{"rendered":""},"modified":"2026-04-10T18:43:58","modified_gmt":"2026-04-10T18:43:58","slug":"bico-wave-boogie-labipaistev-vaik-ja-metallist-boogie-board-ripats-bt52","status":"publish","type":"product","link":"https:\/\/bico.ee\/lt\/p\/bico-wave-boogie-skaidrios-dervos-ir-metalo-boogie-lentos-pakabukas-bt52\/","title":{"rendered":"Bico &#8220;Wave Boogie&#8221; skaidrios dervos ir metalo Boogie lentos pakabukas (BT52)&#8221;"},"content":{"rendered":"<p>Unikalaus stiliaus pakabukas su skaidrios spalvos dervos langais, pakabintais rankomis \u0161lifuoto blizgan\u010dio alavo r\u0117me. <BR><UL><LI>Pavadinimas: \u201eWave Boogie\u201c <\/LI><LI>Reik\u0161m\u0117: \u201eCurl Chaser Bico\u201c si\u016blo \u012fvairias poliruotas (FT) grandines, odines virves ir pakabukus, kurie papildys \u0161\u012f pakabuk\u0105 Galimos spalvos: m\u0117lyna, juoda, raudona. Pakabuko plotis: 1,6 cm, ilgis: 3,1 cm, kilpos skersmuo: 6,5 mm<\/p>","protected":false},"excerpt":{"rendered":"<p>BT52 0<\/p>\n","protected":false},"featured_media":18510,"template":"","meta":[],"product_cat":[89],"product_tag":[],"_links":{"self":[{"href":"https:\/\/bico.ee\/lt\/wp-json\/wp\/v2\/product\/18509"}],"collection":[{"href":"https:\/\/bico.ee\/lt\/wp-json\/wp\/v2\/product"}],"about":[{"href":"https:\/\/bico.ee\/lt\/wp-json\/wp\/v2\/types\/product"}],"wp:featuredmedia":[{"embeddable":true,"href":"https:\/\/bico.ee\/lt\/wp-json\/wp\/v2\/media\/18510"}],"wp:attachment":[{"href":"https:\/\/bico.ee\/lt\/wp-json\/wp\/v2\/media?parent=18509"}],"wp:term":[{"taxonomy":"product_cat","embeddable":true,"href":"https:\/\/bico.ee\/lt\/wp-json\/wp\/v2\/product_cat?post=18509"},{"taxonomy":"product_tag","embeddable":true,"href":"https:\/\/bico.ee\/lt\/wp-json\/wp\/v2\/product_tag?post=18509"}],"curies":[{"name":"wp","href":"https:\/\/api.w.org\/{rel}","templated":true}]}}