{"id":18511,"date":"2026-04-24T07:43:54","date_gmt":"2026-04-24T07:43:54","guid":{"rendered":""},"modified":"2026-04-24T07:43:54","modified_gmt":"2026-04-24T07:43:54","slug":"bico-eddy-labipaistev-vaik-ja-metallist-lainelaua-ripats-bt53","status":"publish","type":"product","link":"https:\/\/bico.ee\/lt\/p\/bico-eddy-skaidrus-derva-ir-metalinis-banglentes-pakabukas-bt53\/","title":{"rendered":"Bico &#8220;Eddy&#8221; skaidrus derva ir metalinis banglent\u0117s pakabukas (BT53)"},"content":{"rendered":"<p>Unikalaus stiliaus pakabukas su skaidrios spalvos dervos langais, pakabintais rankomis \u0161lifuoto blizgan\u010dio alavo r\u0117me. <BR><UL><LI>Pavadinimas: Eddy <\/LI><LI>Reik\u0161m\u0117: \u201eFast Mover Bico\u201c si\u016blo daugyb\u0119 poliruot\u0173 (FT) grandini\u0173, odini\u0173 virveli\u0173 ir pakabu\u010di\u0173, kurie papildys \u0161\u012f pakabuk\u0105 Galimos spalvos: m\u0117lyna, juoda, raudona. Pakabuko plotis: 1,1 cm, ilgis: 4,4 cm, kilpos skersmuo: 6,5 mm<\/p>","protected":false},"excerpt":{"rendered":"<p>BT53 0<\/p>\n","protected":false},"featured_media":18512,"template":"","meta":[],"product_cat":[89],"product_tag":[],"_links":{"self":[{"href":"https:\/\/bico.ee\/lt\/wp-json\/wp\/v2\/product\/18511"}],"collection":[{"href":"https:\/\/bico.ee\/lt\/wp-json\/wp\/v2\/product"}],"about":[{"href":"https:\/\/bico.ee\/lt\/wp-json\/wp\/v2\/types\/product"}],"wp:featuredmedia":[{"embeddable":true,"href":"https:\/\/bico.ee\/lt\/wp-json\/wp\/v2\/media\/18512"}],"wp:attachment":[{"href":"https:\/\/bico.ee\/lt\/wp-json\/wp\/v2\/media?parent=18511"}],"wp:term":[{"taxonomy":"product_cat","embeddable":true,"href":"https:\/\/bico.ee\/lt\/wp-json\/wp\/v2\/product_cat?post=18511"},{"taxonomy":"product_tag","embeddable":true,"href":"https:\/\/bico.ee\/lt\/wp-json\/wp\/v2\/product_tag?post=18511"}],"curies":[{"name":"wp","href":"https:\/\/api.w.org\/{rel}","templated":true}]}}