{"id":18521,"date":"2026-04-10T18:43:58","date_gmt":"2026-04-10T18:43:58","guid":{"rendered":""},"modified":"2026-04-10T18:43:58","modified_gmt":"2026-04-10T18:43:58","slug":"bico-hearts-glow-vaike-labipaistev-vaik-ja-metallist-ripats-bts15-urban","status":"publish","type":"product","link":"https:\/\/bico.ee\/lt\/p\/bico-hearts-glow-maza-skaidri-skaidri-derva-ir-metalinis-pakabukas-bts15-urban\/","title":{"rendered":"Bico &#8220;Heart&#8221;s Glow&#8221; ma\u017ea skaidri skaidri derva ir metalinis pakabukas (BTS15) Urban"},"content":{"rendered":"<p>Unikalaus stiliaus pakabukas su skaidrios spalvos dervos langais, pakabintais rankomis \u0161lifuoto blizgan\u010dio alavo r\u0117me. <BR><UL><LI>Pavadinimas: \u0160irdies \u0161vyt\u0117jimas <\/LI><LI>Reik\u0161m\u0117: Nuo\u0161irdumas ir u\u017euojauta <\/LI><LI>\u201eBico\u201c si\u016blo daugyb\u0119 poliruot\u0173 (FT) grandin\u0117li\u0173, odini\u0173 virveli\u0173 ir pakabuk\u0173, kurie papildys \u0161\u012f pakabuk\u0105 Galimos spalvos: m\u0117lyna, juoda, raudona. Pakabuko plotis: 1,5 cm Ilgis: 2,5 cm Kilpos skersmuo: 4,5 mm<\/p>","protected":false},"excerpt":{"rendered":"<p>BTS15 0<\/p>\n","protected":false},"featured_media":18522,"template":"","meta":[],"product_cat":[89],"product_tag":[],"_links":{"self":[{"href":"https:\/\/bico.ee\/lt\/wp-json\/wp\/v2\/product\/18521"}],"collection":[{"href":"https:\/\/bico.ee\/lt\/wp-json\/wp\/v2\/product"}],"about":[{"href":"https:\/\/bico.ee\/lt\/wp-json\/wp\/v2\/types\/product"}],"wp:featuredmedia":[{"embeddable":true,"href":"https:\/\/bico.ee\/lt\/wp-json\/wp\/v2\/media\/18522"}],"wp:attachment":[{"href":"https:\/\/bico.ee\/lt\/wp-json\/wp\/v2\/media?parent=18521"}],"wp:term":[{"taxonomy":"product_cat","embeddable":true,"href":"https:\/\/bico.ee\/lt\/wp-json\/wp\/v2\/product_cat?post=18521"},{"taxonomy":"product_tag","embeddable":true,"href":"https:\/\/bico.ee\/lt\/wp-json\/wp\/v2\/product_tag?post=18521"}],"curies":[{"name":"wp","href":"https:\/\/api.w.org\/{rel}","templated":true}]}}