{"id":18523,"date":"2026-04-10T18:43:58","date_gmt":"2026-04-10T18:43:58","guid":{"rendered":""},"modified":"2026-04-10T18:43:58","modified_gmt":"2026-04-10T18:43:58","slug":"bico-triple-shield-vaike-labipaistev-vaik-ja-metallist-ripats-bts16","status":"publish","type":"product","link":"https:\/\/bico.ee\/lt\/p\/bico-triple-shield-maza-skaidri-skaidri-derva-ir-metalinis-pakabukas-bts16\/","title":{"rendered":"Bico &#8220;Triple Shield&#8221; ma\u017ea skaidri skaidri derva ir metalinis pakabukas (BTS16)"},"content":{"rendered":"<p>Unikalaus stiliaus pakabukas su skaidrios spalvos dervos langais, pakabintais rankomis \u0161lifuoto blizgan\u010dio alavo r\u0117me. <BR><UL><LI>Pavadinimas: trigubas skydas <\/LI><LI>Reik\u0161m\u0117: \u201eProtector And Clarity\u201c <\/LI><LI>\u201eBico\u201c si\u016blo daugyb\u0119 poliruot\u0173 (FT) grandini\u0173, odini\u0173 virveli\u0173 ir spaustuk\u0173, kurie papildys \u0161\u012f pakabuk\u0105 Galimos spalvos: m\u0117lyna, juoda, raudona. Pakabuko plotis: 1,2 cm Ilgis: 3 cm Kilpos skersmuo: 6,5 mm<\/p>","protected":false},"excerpt":{"rendered":"<p>BTS16 0<\/p>\n","protected":false},"featured_media":18524,"template":"","meta":[],"product_cat":[89],"product_tag":[],"_links":{"self":[{"href":"https:\/\/bico.ee\/lt\/wp-json\/wp\/v2\/product\/18523"}],"collection":[{"href":"https:\/\/bico.ee\/lt\/wp-json\/wp\/v2\/product"}],"about":[{"href":"https:\/\/bico.ee\/lt\/wp-json\/wp\/v2\/types\/product"}],"wp:featuredmedia":[{"embeddable":true,"href":"https:\/\/bico.ee\/lt\/wp-json\/wp\/v2\/media\/18524"}],"wp:attachment":[{"href":"https:\/\/bico.ee\/lt\/wp-json\/wp\/v2\/media?parent=18523"}],"wp:term":[{"taxonomy":"product_cat","embeddable":true,"href":"https:\/\/bico.ee\/lt\/wp-json\/wp\/v2\/product_cat?post=18523"},{"taxonomy":"product_tag","embeddable":true,"href":"https:\/\/bico.ee\/lt\/wp-json\/wp\/v2\/product_tag?post=18523"}],"curies":[{"name":"wp","href":"https:\/\/api.w.org\/{rel}","templated":true}]}}