{"id":18539,"date":"2026-04-10T18:43:58","date_gmt":"2026-04-10T18:43:58","guid":{"rendered":""},"modified":"2026-04-10T18:43:58","modified_gmt":"2026-04-10T18:43:58","slug":"bico-jaar-vaigu-ja-metallist-sodiaagitahtede-ripats-z4","status":"publish","type":"product","link":"https:\/\/bico.ee\/lt\/p\/bico-avino-dervos-ir-metalo-zodiako-zvaigzdes-pakabukas-z4\/","title":{"rendered":"Bico &#8220;Avino&#8221; dervos ir metalo Zodiako \u017evaig\u017ed\u0117s pakabukas (Z4)"},"content":{"rendered":"<p>Zodiako pakabukai, jungiantys metal\u0105 su spalvotos dervos u\u017epildais. <BR><UL><LI>Pavadinimas: Avinas <\/LI><LI>Reik\u0161m\u0117: \u201eStarsign\u201c Unikalaus dizaino \u201eBico Australia\u201c sidabru padengtas alavo pakabukas, u\u017epildytas permatoma derva. Galimos spalvos: m\u0117lyna, juoda, raudona. Pakabuko plotis: 2,3 cm, ilgis: 2,3 cm, kilpos skersmuo: 6,5 mm<\/p>","protected":false},"excerpt":{"rendered":"<p>Z4 0<\/p>\n","protected":false},"featured_media":18540,"template":"","meta":[],"product_cat":[277,290],"product_tag":[],"_links":{"self":[{"href":"https:\/\/bico.ee\/lt\/wp-json\/wp\/v2\/product\/18539"}],"collection":[{"href":"https:\/\/bico.ee\/lt\/wp-json\/wp\/v2\/product"}],"about":[{"href":"https:\/\/bico.ee\/lt\/wp-json\/wp\/v2\/types\/product"}],"wp:featuredmedia":[{"embeddable":true,"href":"https:\/\/bico.ee\/lt\/wp-json\/wp\/v2\/media\/18540"}],"wp:attachment":[{"href":"https:\/\/bico.ee\/lt\/wp-json\/wp\/v2\/media?parent=18539"}],"wp:term":[{"taxonomy":"product_cat","embeddable":true,"href":"https:\/\/bico.ee\/lt\/wp-json\/wp\/v2\/product_cat?post=18539"},{"taxonomy":"product_tag","embeddable":true,"href":"https:\/\/bico.ee\/lt\/wp-json\/wp\/v2\/product_tag?post=18539"}],"curies":[{"name":"wp","href":"https:\/\/api.w.org\/{rel}","templated":true}]}}