{"id":18553,"date":"2026-04-10T18:43:58","date_gmt":"2026-04-10T18:43:58","guid":{"rendered":""},"modified":"2026-04-10T18:43:58","modified_gmt":"2026-04-10T18:43:58","slug":"bico-scorpio-vaik-ja-metallist-sodiaagitahtede-ripats-z11","status":"publish","type":"product","link":"https:\/\/bico.ee\/lt\/p\/bico-skorpiono-derva-ir-metalo-zodiako-zvaigzdes-pakabukas-z11\/","title":{"rendered":"Bico &#8220;Skorpiono&#8221; derva ir metalo Zodiako \u017evaig\u017ed\u0117s pakabukas (Z11)"},"content":{"rendered":"<p>Zodiako pakabukai, jungiantys metal\u0105 su spalvotos dervos u\u017epildais. <BR><UL><LI>Pavadinimas: Skorpionas <\/LI><LI>Reik\u0161m\u0117: \u201eStarsign\u201c Unikalaus dizaino \u201eBico Australia\u201c sidabru padengtas alavo pakabukas, u\u017epildytas permatoma derva. Galimos spalvos: m\u0117lyna, juoda, raudona. Pakabuko plotis: 2,3 cm, ilgis: 2,3 cm, kilpos skersmuo: 6,5 mm<\/p>","protected":false},"excerpt":{"rendered":"<p>Z11 0<\/p>\n","protected":false},"featured_media":18554,"template":"","meta":[],"product_cat":[277,290],"product_tag":[],"_links":{"self":[{"href":"https:\/\/bico.ee\/lt\/wp-json\/wp\/v2\/product\/18553"}],"collection":[{"href":"https:\/\/bico.ee\/lt\/wp-json\/wp\/v2\/product"}],"about":[{"href":"https:\/\/bico.ee\/lt\/wp-json\/wp\/v2\/types\/product"}],"wp:featuredmedia":[{"embeddable":true,"href":"https:\/\/bico.ee\/lt\/wp-json\/wp\/v2\/media\/18554"}],"wp:attachment":[{"href":"https:\/\/bico.ee\/lt\/wp-json\/wp\/v2\/media?parent=18553"}],"wp:term":[{"taxonomy":"product_cat","embeddable":true,"href":"https:\/\/bico.ee\/lt\/wp-json\/wp\/v2\/product_cat?post=18553"},{"taxonomy":"product_tag","embeddable":true,"href":"https:\/\/bico.ee\/lt\/wp-json\/wp\/v2\/product_tag?post=18553"}],"curies":[{"name":"wp","href":"https:\/\/api.w.org\/{rel}","templated":true}]}}