{"id":18559,"date":"2026-04-24T07:43:55","date_gmt":"2026-04-24T07:43:55","guid":{"rendered":""},"modified":"2026-04-24T07:43:55","modified_gmt":"2026-04-24T07:43:55","slug":"bico-orleansi-kristallidega-ripats-pave-fleur-de-lis-pv2","status":"publish","type":"product","link":"https:\/\/bico.ee\/lt\/p\/bico-orleans-pave-fleur-de-lis-pakabukas-su-kristalais-pv2\/","title":{"rendered":"Bico &#8220;Orleans&#8221; Pave Fleur De Lis pakabukas su kristalais (PV2)"},"content":{"rendered":"<p>\u201eFaux Pave\u201c pakabu\u010diai sukurti individualiai \u012f dervos pagrind\u0105 \u012fterpiant daugiau nei 100 autenti\u0161k\u0173 \u201eSwarovski\u201c kristal\u0173. <BR><UL><LI>Pavadinimas: Orleanas <\/LI><LI>Reik\u0161m\u0117: Dvasia ir \u0161irdis \u012fveik\u0117 daugiau nei 100 autenti\u0161k\u0173 \u201eSwarovski\u201c kristal\u0173, atskirai \u012fd\u0117t\u0173 \u012f kiekvien\u0105 pakabuk\u0105 Galimos spalvos: m\u0117lyna, juoda, raudona, \u0161viesiai m\u0117lyna, ro\u017ein\u0117, skaidri. Pakabuko plotis: 2,6 cm, ilgis: 3,1 cm, kilpos skersmuo: 5 mm<\/p>","protected":false},"excerpt":{"rendered":"<p>PV2 0<\/p>\n","protected":false},"featured_media":18560,"template":"","meta":[],"product_cat":[277,291],"product_tag":[],"_links":{"self":[{"href":"https:\/\/bico.ee\/lt\/wp-json\/wp\/v2\/product\/18559"}],"collection":[{"href":"https:\/\/bico.ee\/lt\/wp-json\/wp\/v2\/product"}],"about":[{"href":"https:\/\/bico.ee\/lt\/wp-json\/wp\/v2\/types\/product"}],"wp:featuredmedia":[{"embeddable":true,"href":"https:\/\/bico.ee\/lt\/wp-json\/wp\/v2\/media\/18560"}],"wp:attachment":[{"href":"https:\/\/bico.ee\/lt\/wp-json\/wp\/v2\/media?parent=18559"}],"wp:term":[{"taxonomy":"product_cat","embeddable":true,"href":"https:\/\/bico.ee\/lt\/wp-json\/wp\/v2\/product_cat?post=18559"},{"taxonomy":"product_tag","embeddable":true,"href":"https:\/\/bico.ee\/lt\/wp-json\/wp\/v2\/product_tag?post=18559"}],"curies":[{"name":"wp","href":"https:\/\/api.w.org\/{rel}","templated":true}]}}