{"id":18561,"date":"2026-04-10T18:43:58","date_gmt":"2026-04-10T18:43:58","guid":{"rendered":""},"modified":"2026-04-10T18:43:58","modified_gmt":"2026-04-10T18:43:58","slug":"bico-kingdom-kristallidega-kristallidega-ripats-pv3","status":"publish","type":"product","link":"https:\/\/bico.ee\/lt\/p\/bico-kingdom-pave-karuninis-pakabukas-su-kristalais-pv3\/","title":{"rendered":"Bico &#8220;Kingdom&#8221; Pave kar\u016bninis pakabukas su kristalais (PV3)"},"content":{"rendered":"<p>\u201eFaux Pave\u201c pakabukai sukurti individualiai \u012f dervos pagrind\u0105 \u012fterpiant daugiau nei 70 autenti\u0161k\u0173 \u201eSwarovski\u201c kristal\u0173. <BR><UL><LI>Pavadinimas: Karalyst\u0117 <\/LI><LI>Reik\u0161m\u0117: A\u0161 esu mano karalyst\u0117 Daugiau nei 70 autenti\u0161k\u0173 \u201eSwarovski\u201c kristal\u0173, \u012fd\u0117t\u0173 atskirai \u012f kiekvien\u0105 pakabuk\u0105 Galimos spalvos: m\u0117lyna, juoda, raudona, \u0161viesiai m\u0117lyna, ro\u017ein\u0117, skaidri. Pakabuko plotis: 3.3cm Ilgis: 3.3cm Kilpos skersmuo: 6.5mm<\/p>","protected":false},"excerpt":{"rendered":"<p>PV3 0<\/p>\n","protected":false},"featured_media":18562,"template":"","meta":[],"product_cat":[277,291],"product_tag":[],"_links":{"self":[{"href":"https:\/\/bico.ee\/lt\/wp-json\/wp\/v2\/product\/18561"}],"collection":[{"href":"https:\/\/bico.ee\/lt\/wp-json\/wp\/v2\/product"}],"about":[{"href":"https:\/\/bico.ee\/lt\/wp-json\/wp\/v2\/types\/product"}],"wp:featuredmedia":[{"embeddable":true,"href":"https:\/\/bico.ee\/lt\/wp-json\/wp\/v2\/media\/18562"}],"wp:attachment":[{"href":"https:\/\/bico.ee\/lt\/wp-json\/wp\/v2\/media?parent=18561"}],"wp:term":[{"taxonomy":"product_cat","embeddable":true,"href":"https:\/\/bico.ee\/lt\/wp-json\/wp\/v2\/product_cat?post=18561"},{"taxonomy":"product_tag","embeddable":true,"href":"https:\/\/bico.ee\/lt\/wp-json\/wp\/v2\/product_tag?post=18561"}],"curies":[{"name":"wp","href":"https:\/\/api.w.org\/{rel}","templated":true}]}}