{"id":18563,"date":"2026-04-10T18:43:58","date_gmt":"2026-04-10T18:43:58","guid":{"rendered":""},"modified":"2026-04-10T18:43:58","modified_gmt":"2026-04-10T18:43:58","slug":"bico-augusta-pave-rist-ja-kristallidega-sudameripats-pv4","status":"publish","type":"product","link":"https:\/\/bico.ee\/lt\/p\/bico-augusta-pave-kryzius-ir-sirdies-pakabukas-su-kristalais-pv4\/","title":{"rendered":"Bico &#8220;Augusta&#8221; Pave kry\u017eius ir \u0161irdies pakabukas su kristalais (PV4)"},"content":{"rendered":"<p>\u201eFaux Pave\u201c pakabu\u010diai sukurti individualiai \u012fterpiant \u012f daugiau nei 150 autenti\u0161k\u0173 \u201eSwarovski\u201c kristal\u0173 \u012f dervos pagrind\u0105. <BR><UL><LI>Pavadinimas: Augusta <\/LI><LI>Reik\u0161m\u0117: \u201eMano meil\u0117 yra mano stipryb\u0117\u201c Daugiau nei 150 autenti\u0161k\u0173 \u201eSwarovski\u201c kristal\u0173, \u012fd\u0117t\u0173 atskirai \u012f kiekvien\u0105 pakabuk\u0105 Galimos spalvos: m\u0117lyna, juoda, raudona, \u0161viesiai m\u0117lyna, ro\u017ein\u0117, skaidri. Pakabuko plotis: 2,9 cm Ilgis: 3 cm Kilpos skersmuo: 5 mm<\/p>","protected":false},"excerpt":{"rendered":"<p>PV4 0<\/p>\n","protected":false},"featured_media":18564,"template":"","meta":[],"product_cat":[277,291],"product_tag":[],"_links":{"self":[{"href":"https:\/\/bico.ee\/lt\/wp-json\/wp\/v2\/product\/18563"}],"collection":[{"href":"https:\/\/bico.ee\/lt\/wp-json\/wp\/v2\/product"}],"about":[{"href":"https:\/\/bico.ee\/lt\/wp-json\/wp\/v2\/types\/product"}],"wp:featuredmedia":[{"embeddable":true,"href":"https:\/\/bico.ee\/lt\/wp-json\/wp\/v2\/media\/18564"}],"wp:attachment":[{"href":"https:\/\/bico.ee\/lt\/wp-json\/wp\/v2\/media?parent=18563"}],"wp:term":[{"taxonomy":"product_cat","embeddable":true,"href":"https:\/\/bico.ee\/lt\/wp-json\/wp\/v2\/product_cat?post=18563"},{"taxonomy":"product_tag","embeddable":true,"href":"https:\/\/bico.ee\/lt\/wp-json\/wp\/v2\/product_tag?post=18563"}],"curies":[{"name":"wp","href":"https:\/\/api.w.org\/{rel}","templated":true}]}}