{"id":18565,"date":"2026-04-10T18:43:58","date_gmt":"2026-04-10T18:43:58","guid":{"rendered":""},"modified":"2026-04-10T18:43:58","modified_gmt":"2026-04-10T18:43:58","slug":"bico-voluptas-kristallidega-liblikas-ripats-pv5","status":"publish","type":"product","link":"https:\/\/bico.ee\/lt\/p\/bico-voluptas-drugelio-pakabukas-su-kristalais-pv5\/","title":{"rendered":"Bico &#8220;Voluptas&#8221; drugelio pakabukas su kristalais (PV5)"},"content":{"rendered":"<p>\u201eFaux Pave\u201c pakabukai sukurti individualiai \u012f dervos pagrind\u0105 \u012fd\u0117jus daugiau nei 120 autenti\u0161k\u0173 \u201eSwarovski\u201c kristal\u0173. <BR><UL><LI>Pavadinimas: \u201eVoluptas\u201c <\/LI><LI>Reik\u0161m\u0117: jausmingas gyvenimas ir meil\u0117 Daugiau nei 120 autenti\u0161k\u0173 \u201eSwarovski\u201c kristal\u0173, \u012fd\u0117t\u0173 atskirai \u012f kiekvien\u0105 pakabuk\u0105 Galimos spalvos: m\u0117lyna, juoda, raudona, \u0161viesiai m\u0117lyna, ro\u017ein\u0117, skaidri. Pakabuko plotis: 2,8 cm, ilgis: 2,9 cm, kilpos skersmuo: 5 mm<\/p>","protected":false},"excerpt":{"rendered":"<p>PV5 0<\/p>\n","protected":false},"featured_media":18566,"template":"","meta":[],"product_cat":[277,291],"product_tag":[],"_links":{"self":[{"href":"https:\/\/bico.ee\/lt\/wp-json\/wp\/v2\/product\/18565"}],"collection":[{"href":"https:\/\/bico.ee\/lt\/wp-json\/wp\/v2\/product"}],"about":[{"href":"https:\/\/bico.ee\/lt\/wp-json\/wp\/v2\/types\/product"}],"wp:featuredmedia":[{"embeddable":true,"href":"https:\/\/bico.ee\/lt\/wp-json\/wp\/v2\/media\/18566"}],"wp:attachment":[{"href":"https:\/\/bico.ee\/lt\/wp-json\/wp\/v2\/media?parent=18565"}],"wp:term":[{"taxonomy":"product_cat","embeddable":true,"href":"https:\/\/bico.ee\/lt\/wp-json\/wp\/v2\/product_cat?post=18565"},{"taxonomy":"product_tag","embeddable":true,"href":"https:\/\/bico.ee\/lt\/wp-json\/wp\/v2\/product_tag?post=18565"}],"curies":[{"name":"wp","href":"https:\/\/api.w.org\/{rel}","templated":true}]}}