{"id":18567,"date":"2026-04-10T18:43:58","date_gmt":"2026-04-10T18:43:58","guid":{"rendered":""},"modified":"2026-04-10T18:43:58","modified_gmt":"2026-04-10T18:43:58","slug":"bico-kalodae-kristallidega-kolju-ripats-pv6","status":"publish","type":"product","link":"https:\/\/bico.ee\/lt\/p\/bico-kalodae-pakabukas-su-kaukolemis-su-kristalais-pv6\/","title":{"rendered":"Bico &#8220;Kalodae&#8221; pakabukas su kaukol\u0117mis su kristalais (PV6)"},"content":{"rendered":"<p>\u201eFaux Pave\u201c pakabu\u010diai sukurti individualiai \u012f dervos pagrind\u0105 \u012fterpiant daugiau nei 80 autenti\u0161k\u0173 \u201eSwarovski\u201c kristal\u0173. <BR><UL><LI>Pavadinimas: Kalodae <\/LI><LI>Reik\u0161m\u0117: Mano nukrit\u0119s laikrodis vir\u0161 man\u0119s Daugiau nei 80 autenti\u0161k\u0173 Swarovski kristal\u0173, atskirai \u012fd\u0117t\u0173 \u012f kiekvien\u0105 pakabuk\u0105 Galimos spalvos: m\u0117lyna, juoda, raudona, \u0161viesiai m\u0117lyna, ro\u017ein\u0117, skaidri. Pakabuko plotis: 1,9 cm, ilgis: 2,6 cm, kilpos skersmuo: 6,5 mm<\/p>","protected":false},"excerpt":{"rendered":"<p>PV6 0<\/p>\n","protected":false},"featured_media":18568,"template":"","meta":[],"product_cat":[277,291],"product_tag":[],"_links":{"self":[{"href":"https:\/\/bico.ee\/lt\/wp-json\/wp\/v2\/product\/18567"}],"collection":[{"href":"https:\/\/bico.ee\/lt\/wp-json\/wp\/v2\/product"}],"about":[{"href":"https:\/\/bico.ee\/lt\/wp-json\/wp\/v2\/types\/product"}],"wp:featuredmedia":[{"embeddable":true,"href":"https:\/\/bico.ee\/lt\/wp-json\/wp\/v2\/media\/18568"}],"wp:attachment":[{"href":"https:\/\/bico.ee\/lt\/wp-json\/wp\/v2\/media?parent=18567"}],"wp:term":[{"taxonomy":"product_cat","embeddable":true,"href":"https:\/\/bico.ee\/lt\/wp-json\/wp\/v2\/product_cat?post=18567"},{"taxonomy":"product_tag","embeddable":true,"href":"https:\/\/bico.ee\/lt\/wp-json\/wp\/v2\/product_tag?post=18567"}],"curies":[{"name":"wp","href":"https:\/\/api.w.org\/{rel}","templated":true}]}}