{"id":18569,"date":"2026-04-10T18:43:58","date_gmt":"2026-04-10T18:43:58","guid":{"rendered":""},"modified":"2026-04-10T18:43:58","modified_gmt":"2026-04-10T18:43:58","slug":"bico-wings-of-uriel-pave-angel-wings-ripats-kristallidega-pv7","status":"publish","type":"product","link":"https:\/\/bico.ee\/lt\/p\/bico-wings-of-uriel-pave-angel-wings-pakabukas-su-kristalais-pv7\/","title":{"rendered":"Bico &#8220;Wings Of Uriel&#8221; Pave Angel Wings pakabukas su kristalais (PV7)"},"content":{"rendered":"<p>\u201eFaux Pave\u201c pakabu\u010diai sukurti individualiai \u012f dervos pagrind\u0105 \u012fterpiant daugiau nei 60 autenti\u0161k\u0173 \u201eSwarovski\u201c kristal\u0173. <BR><UL><LI>Pavadinimas: Urielio sparnai <\/LI><LI>Reik\u0161m\u0117: Meil\u0117 yra mano likimas Tu esi mano likimas Daugiau nei 60 autenti\u0161k\u0173 \u201eSwarovski\u201c kristal\u0173, atskirai \u012fd\u0117t\u0173 \u012f kiekvien\u0105 pakabuk\u0105 Galimos spalvos: m\u0117lyna, juoda, raudona, \u0161viesiai m\u0117lyna, ro\u017ein\u0117, skaidri. Pakabuko plotis: 3,3 cm, ilgis: 4,1 cm, kilpos skersmuo: 6,5 mm<\/p>","protected":false},"excerpt":{"rendered":"<p>PV7 0<\/p>\n","protected":false},"featured_media":18570,"template":"","meta":[],"product_cat":[277,291],"product_tag":[],"_links":{"self":[{"href":"https:\/\/bico.ee\/lt\/wp-json\/wp\/v2\/product\/18569"}],"collection":[{"href":"https:\/\/bico.ee\/lt\/wp-json\/wp\/v2\/product"}],"about":[{"href":"https:\/\/bico.ee\/lt\/wp-json\/wp\/v2\/types\/product"}],"wp:featuredmedia":[{"embeddable":true,"href":"https:\/\/bico.ee\/lt\/wp-json\/wp\/v2\/media\/18570"}],"wp:attachment":[{"href":"https:\/\/bico.ee\/lt\/wp-json\/wp\/v2\/media?parent=18569"}],"wp:term":[{"taxonomy":"product_cat","embeddable":true,"href":"https:\/\/bico.ee\/lt\/wp-json\/wp\/v2\/product_cat?post=18569"},{"taxonomy":"product_tag","embeddable":true,"href":"https:\/\/bico.ee\/lt\/wp-json\/wp\/v2\/product_tag?post=18569"}],"curies":[{"name":"wp","href":"https:\/\/api.w.org\/{rel}","templated":true}]}}