{"id":18573,"date":"2026-04-10T18:43:58","date_gmt":"2026-04-10T18:43:58","guid":{"rendered":""},"modified":"2026-04-10T18:43:58","modified_gmt":"2026-04-10T18:43:58","slug":"bico-peace-cluster-kristallidega-ripats-pv11","status":"publish","type":"product","link":"https:\/\/bico.ee\/lt\/p\/bico-peace-cluster-pakabukas-su-kristalais-pv11\/","title":{"rendered":"Bico &#8220;Peace Cluster&#8221; pakabukas su kristalais (PV11)"},"content":{"rendered":"<p>\u201eFaux Pave\u201c pakabukai sukurti individualiai \u012f dervos pagrind\u0105 \u012fterpiant daugiau nei 70 autenti\u0161k\u0173 \u201eSwarovski\u201c kristal\u0173. <BR><UL><LI>Pavadinimas: Taikos klasteris <\/LI><LI>Reik\u0161m\u0117: Suvienykite pasaulin\u0119 \u017emoni\u0173 gali\u0105 Daugiau nei 70 autenti\u0161k\u0173 \u201eSwarovski\u201c kristal\u0173, atskirai \u012fd\u0117t\u0173 \u012f kiekvien\u0105 pakabuk\u0105 Galimos spalvos: m\u0117lyna, juoda, raudona, \u0161viesiai m\u0117lyna, ro\u017ein\u0117, skaidri. Pakabuko plotis: 3,1 cm, ilgis: 3,1 cm, kilpos skersmuo: 6,5 mm<\/p>","protected":false},"excerpt":{"rendered":"<p>PV11 0<\/p>\n","protected":false},"featured_media":18574,"template":"","meta":[],"product_cat":[277,291],"product_tag":[],"_links":{"self":[{"href":"https:\/\/bico.ee\/lt\/wp-json\/wp\/v2\/product\/18573"}],"collection":[{"href":"https:\/\/bico.ee\/lt\/wp-json\/wp\/v2\/product"}],"about":[{"href":"https:\/\/bico.ee\/lt\/wp-json\/wp\/v2\/types\/product"}],"wp:featuredmedia":[{"embeddable":true,"href":"https:\/\/bico.ee\/lt\/wp-json\/wp\/v2\/media\/18574"}],"wp:attachment":[{"href":"https:\/\/bico.ee\/lt\/wp-json\/wp\/v2\/media?parent=18573"}],"wp:term":[{"taxonomy":"product_cat","embeddable":true,"href":"https:\/\/bico.ee\/lt\/wp-json\/wp\/v2\/product_cat?post=18573"},{"taxonomy":"product_tag","embeddable":true,"href":"https:\/\/bico.ee\/lt\/wp-json\/wp\/v2\/product_tag?post=18573"}],"curies":[{"name":"wp","href":"https:\/\/api.w.org\/{rel}","templated":true}]}}