{"id":18575,"date":"2026-04-10T18:43:58","date_gmt":"2026-04-10T18:43:58","guid":{"rendered":""},"modified":"2026-04-10T18:43:58","modified_gmt":"2026-04-10T18:43:58","slug":"bico-crystal-darner-kristallidega-ripats-dragonfly-pv12","status":"publish","type":"product","link":"https:\/\/bico.ee\/lt\/p\/bico-crystal-darner-pakabukas-dragonfly-su-kristalais-pv12\/","title":{"rendered":"Bico &#8220;Crystal Darner&#8221; pakabukas &#8220;Dragonfly&#8221; su kristalais (PV12)"},"content":{"rendered":"<p>\u201eFaux Pave\u201c pakabu\u010diai sukurti individualiai \u012f dervos pagrind\u0105 \u012fterpiant daugiau nei 90 autenti\u0161k\u0173 \u201eSwarovski\u201c kristal\u0173. <BR><UL><LI>Pavadinimas: \u201eCrystal Darner\u201c <\/LI><LI>Reik\u0161m\u0117: gyvenimo ir meil\u0117s transformacija \u012e kiekvien\u0105 pakabuk\u0105 \u012fd\u0117ta daugiau kaip 90 autenti\u0161k\u0173 \u201eSwarovski\u201c kristal\u0173 Galimos spalvos: m\u0117lyna, juoda, raudona, \u0161viesiai m\u0117lyna, ro\u017ein\u0117, skaidri. Pakabuko plotis: 2,9 cm, ilgis: 3,3 cm, kilpos skersmuo: 5 mm<\/p>","protected":false},"excerpt":{"rendered":"<p>PV12 0<\/p>\n","protected":false},"featured_media":18576,"template":"","meta":[],"product_cat":[277,291],"product_tag":[],"_links":{"self":[{"href":"https:\/\/bico.ee\/lt\/wp-json\/wp\/v2\/product\/18575"}],"collection":[{"href":"https:\/\/bico.ee\/lt\/wp-json\/wp\/v2\/product"}],"about":[{"href":"https:\/\/bico.ee\/lt\/wp-json\/wp\/v2\/types\/product"}],"wp:featuredmedia":[{"embeddable":true,"href":"https:\/\/bico.ee\/lt\/wp-json\/wp\/v2\/media\/18576"}],"wp:attachment":[{"href":"https:\/\/bico.ee\/lt\/wp-json\/wp\/v2\/media?parent=18575"}],"wp:term":[{"taxonomy":"product_cat","embeddable":true,"href":"https:\/\/bico.ee\/lt\/wp-json\/wp\/v2\/product_cat?post=18575"},{"taxonomy":"product_tag","embeddable":true,"href":"https:\/\/bico.ee\/lt\/wp-json\/wp\/v2\/product_tag?post=18575"}],"curies":[{"name":"wp","href":"https:\/\/api.w.org\/{rel}","templated":true}]}}