{"id":18577,"date":"2026-04-10T18:43:58","date_gmt":"2026-04-10T18:43:58","guid":{"rendered":""},"modified":"2026-04-10T18:43:58","modified_gmt":"2026-04-10T18:43:58","slug":"bico-prantsuse-liilia-kristallidega-ripats-cr1","status":"publish","type":"product","link":"https:\/\/bico.ee\/lt\/p\/bico-prancuziskos-lelijos-pakabukas-su-kristalais-cr1\/","title":{"rendered":"Bico  &#8220;Pranc\u016bzi\u0161kos lelijos&#8221; pakabukas su kristalais (CR1)"},"content":{"rendered":"<p>Bico firminiai pakabukai, ikoni\u0161ki ir simboli\u0161ki, papuo\u0161ti autenti\u0161kais Swarovski kristalais. <BR><UL><LI>Pavadinimas: Pranc\u016bzijos lelija <\/LI><LI>Reik\u0161m\u0117: Mistinis gyvenimo fontanas <\/LI><LI>Autenti\u0161ki \u201eSwarovski\u201c kristalai \u012fsilieja \u012f unikal\u0173 original\u0173 <\/LI><LI>\u201eBico\u201c pakabuko dizain\u0105 Galimos spalvos: m\u0117lyna, raudona, \u0161viesiai m\u0117lyna, ro\u017ein\u0117, skaidri. Pakabuko plotis: 2.7cm Ilgis: 2.7cm Kilpos skersmuo: 5mm<\/p>","protected":false},"excerpt":{"rendered":"<p>CR1 0<\/p>\n","protected":false},"featured_media":18578,"template":"","meta":[],"product_cat":[277,291],"product_tag":[],"_links":{"self":[{"href":"https:\/\/bico.ee\/lt\/wp-json\/wp\/v2\/product\/18577"}],"collection":[{"href":"https:\/\/bico.ee\/lt\/wp-json\/wp\/v2\/product"}],"about":[{"href":"https:\/\/bico.ee\/lt\/wp-json\/wp\/v2\/types\/product"}],"wp:featuredmedia":[{"embeddable":true,"href":"https:\/\/bico.ee\/lt\/wp-json\/wp\/v2\/media\/18578"}],"wp:attachment":[{"href":"https:\/\/bico.ee\/lt\/wp-json\/wp\/v2\/media?parent=18577"}],"wp:term":[{"taxonomy":"product_cat","embeddable":true,"href":"https:\/\/bico.ee\/lt\/wp-json\/wp\/v2\/product_cat?post=18577"},{"taxonomy":"product_tag","embeddable":true,"href":"https:\/\/bico.ee\/lt\/wp-json\/wp\/v2\/product_tag?post=18577"}],"curies":[{"name":"wp","href":"https:\/\/api.w.org\/{rel}","templated":true}]}}