{"id":18579,"date":"2026-04-10T18:43:58","date_gmt":"2026-04-10T18:43:58","guid":{"rendered":""},"modified":"2026-04-10T18:43:58","modified_gmt":"2026-04-10T18:43:58","slug":"bico-star-bright-kristallidega-ripats-cr2","status":"publish","type":"product","link":"https:\/\/bico.ee\/lt\/p\/bico-star-bright-pakabukas-su-kristalais-cr2\/","title":{"rendered":"Bico &#8220;Star Bright&#8221; pakabukas su kristalais (CR2)"},"content":{"rendered":"<p>Bico firminiai pakabukai, ikoni\u0161ki ir simboli\u0161ki, papuo\u0161ti autenti\u0161kais Swarovski kristalais. <BR><UL><LI>Pavadinimas: \u0161viesi \u017evaig\u017ed\u0117 <\/LI><LI>Reik\u0161m\u0117: laisvas k\u016bnas, blizgesys kaip \u017evaig\u017ed\u0117 <\/LI><LI>Autenti\u0161ki \u201eSwarovski\u201c kristalai, sukurti \u012f unikal\u0173 original\u0173 <\/LI><LI>\u201eBico\u201c pakabuko dizain\u0105 Galimos spalvos: m\u0117lyna, \u0161viesiai m\u0117lyna, ro\u017ein\u0117, skaidri. Pakabuko plotis: 2,8 cm, ilgis: 2,8 cm, kilpos skersmuo: 6,5 mm<\/p>","protected":false},"excerpt":{"rendered":"<p>CR2 0<\/p>\n","protected":false},"featured_media":18580,"template":"","meta":[],"product_cat":[277,291],"product_tag":[],"_links":{"self":[{"href":"https:\/\/bico.ee\/lt\/wp-json\/wp\/v2\/product\/18579"}],"collection":[{"href":"https:\/\/bico.ee\/lt\/wp-json\/wp\/v2\/product"}],"about":[{"href":"https:\/\/bico.ee\/lt\/wp-json\/wp\/v2\/types\/product"}],"wp:featuredmedia":[{"embeddable":true,"href":"https:\/\/bico.ee\/lt\/wp-json\/wp\/v2\/media\/18580"}],"wp:attachment":[{"href":"https:\/\/bico.ee\/lt\/wp-json\/wp\/v2\/media?parent=18579"}],"wp:term":[{"taxonomy":"product_cat","embeddable":true,"href":"https:\/\/bico.ee\/lt\/wp-json\/wp\/v2\/product_cat?post=18579"},{"taxonomy":"product_tag","embeddable":true,"href":"https:\/\/bico.ee\/lt\/wp-json\/wp\/v2\/product_tag?post=18579"}],"curies":[{"name":"wp","href":"https:\/\/api.w.org\/{rel}","templated":true}]}}