{"id":18605,"date":"2026-04-10T18:43:58","date_gmt":"2026-04-10T18:43:58","guid":{"rendered":""},"modified":"2026-04-10T18:43:58","modified_gmt":"2026-04-10T18:43:58","slug":"bico-coonawarra-kristallidega-sudameripats-cr34","status":"publish","type":"product","link":"https:\/\/bico.ee\/lt\/p\/bico-coonawarra-sirdies-pakabukas-su-kristalais-cr34\/","title":{"rendered":"Bico &#8220;Coonawarra&#8221; \u0161irdies pakabukas su kristalais (CR34)"},"content":{"rendered":"<p>Bico firminiai pakabukai, ikoni\u0161ki ir simboli\u0161ki, papuo\u0161ti autenti\u0161kais Swarovski kristalais. <BR><UL><LI>Pavadinimas: \u201eCoonawarra\u201c <\/LI><LI>Reik\u0161m\u0117: akla meil\u0117, gyvai laisvai <\/LI><LI>Autenti\u0161ki \u201eSwarovski\u201c kristalai, sukurti \u012f unikal\u0173 original\u0173 <\/LI><LI>\u201eBico\u201c pakabuko dizain\u0105 Galimos spalvos: m\u0117lyna, \u0161viesiai m\u0117lyna, ro\u017ein\u0117, skaidri. Pakabuko plotis: 3,4 cm, ilgis: 4 cm, kilpos skersmuo: 4,7 mm<\/p>","protected":false},"excerpt":{"rendered":"<p>CR34 0<\/p>\n","protected":false},"featured_media":18606,"template":"","meta":[],"product_cat":[277,291],"product_tag":[],"_links":{"self":[{"href":"https:\/\/bico.ee\/lt\/wp-json\/wp\/v2\/product\/18605"}],"collection":[{"href":"https:\/\/bico.ee\/lt\/wp-json\/wp\/v2\/product"}],"about":[{"href":"https:\/\/bico.ee\/lt\/wp-json\/wp\/v2\/types\/product"}],"wp:featuredmedia":[{"embeddable":true,"href":"https:\/\/bico.ee\/lt\/wp-json\/wp\/v2\/media\/18606"}],"wp:attachment":[{"href":"https:\/\/bico.ee\/lt\/wp-json\/wp\/v2\/media?parent=18605"}],"wp:term":[{"taxonomy":"product_cat","embeddable":true,"href":"https:\/\/bico.ee\/lt\/wp-json\/wp\/v2\/product_cat?post=18605"},{"taxonomy":"product_tag","embeddable":true,"href":"https:\/\/bico.ee\/lt\/wp-json\/wp\/v2\/product_tag?post=18605"}],"curies":[{"name":"wp","href":"https:\/\/api.w.org\/{rel}","templated":true}]}}