{"id":18625,"date":"2026-04-10T18:43:59","date_gmt":"2026-04-10T18:43:59","guid":{"rendered":""},"modified":"2026-04-10T18:43:59","modified_gmt":"2026-04-10T18:43:59","slug":"bico-kristallidega-ripats-seahorse-cr47","status":"publish","type":"product","link":"https:\/\/bico.ee\/lt\/p\/bico-seahorse-pakabukas-su-kristalais-cr47\/","title":{"rendered":"Bico &#8220;Seahorse&#8221; pakabukas su kristalais (CR47)"},"content":{"rendered":"<p>Bico firminiai pakabukai, ikoni\u0161ki ir simboli\u0161ki, papuo\u0161ti autenti\u0161kais Swarovski kristalais. <BR><UL><LI>Pavadinimas: j\u016br\u0173 arkliukas <\/LI><LI>Reik\u0161m\u0117: aistra yra j\u016bra, laimingi <\/LI><LI>Autenti\u0161ki \u201eSwarovski\u201c kristalai \u012feina \u012f unikal\u0173 original\u0173 <\/LI><LI>\u201eBico\u201c pakabuko dizain\u0105 Galimos spalvos: m\u0117lyna, raudona, \u0161viesiai m\u0117lyna, ro\u017ein\u0117, skaidri. Pakabuko plotis: 1,2 cm Ilgis: 3,6 cm Kilpos skersmuo: 5 mm<\/p>","protected":false},"excerpt":{"rendered":"<p>CR47 0<\/p>\n","protected":false},"featured_media":18626,"template":"","meta":[],"product_cat":[277,291],"product_tag":[],"_links":{"self":[{"href":"https:\/\/bico.ee\/lt\/wp-json\/wp\/v2\/product\/18625"}],"collection":[{"href":"https:\/\/bico.ee\/lt\/wp-json\/wp\/v2\/product"}],"about":[{"href":"https:\/\/bico.ee\/lt\/wp-json\/wp\/v2\/types\/product"}],"wp:featuredmedia":[{"embeddable":true,"href":"https:\/\/bico.ee\/lt\/wp-json\/wp\/v2\/media\/18626"}],"wp:attachment":[{"href":"https:\/\/bico.ee\/lt\/wp-json\/wp\/v2\/media?parent=18625"}],"wp:term":[{"taxonomy":"product_cat","embeddable":true,"href":"https:\/\/bico.ee\/lt\/wp-json\/wp\/v2\/product_cat?post=18625"},{"taxonomy":"product_tag","embeddable":true,"href":"https:\/\/bico.ee\/lt\/wp-json\/wp\/v2\/product_tag?post=18625"}],"curies":[{"name":"wp","href":"https:\/\/api.w.org\/{rel}","templated":true}]}}