{"id":18627,"date":"2026-04-10T18:43:59","date_gmt":"2026-04-10T18:43:59","guid":{"rendered":""},"modified":"2026-04-10T18:43:59","modified_gmt":"2026-04-10T18:43:59","slug":"bico-sprite-kristallidega-ripatsiga-ripats-cr48","status":"publish","type":"product","link":"https:\/\/bico.ee\/lt\/p\/bico-sprite-drugelio-pakabukas-su-kristalais-cr48\/","title":{"rendered":"Bico &#8220;Sprite&#8221; drugelio pakabukas su kristalais (CR48)"},"content":{"rendered":"<p>Bico firminiai pakabukai, ikoni\u0161ki ir simboli\u0161ki, papuo\u0161ti autenti\u0161kais Swarovski kristalais. <BR><UL><LI>Pavadinimas: \u201eSprite\u201c <\/LI><LI>Reik\u0161m\u0117: ne\u012ftik\u0117tinos sielos, \u012f\u017e\u016bl\u016bs <\/LI><LI>Autenti\u0161ki \u201eSwarovski\u201c kristalai, sukurti \u012f unikal\u0173 Bico original\u0173 pakabuko dizain\u0105 Galimos spalvos: m\u0117lyna, raudona, \u0161viesiai m\u0117lyna, ro\u017ein\u0117, skaidri. Pakabuko plotis: 2,5 cm Ilgis: 3 cm Kilpos skersmuo: 5 mm<\/p>","protected":false},"excerpt":{"rendered":"<p>CR48 0<\/p>\n","protected":false},"featured_media":18628,"template":"","meta":[],"product_cat":[277,291],"product_tag":[],"_links":{"self":[{"href":"https:\/\/bico.ee\/lt\/wp-json\/wp\/v2\/product\/18627"}],"collection":[{"href":"https:\/\/bico.ee\/lt\/wp-json\/wp\/v2\/product"}],"about":[{"href":"https:\/\/bico.ee\/lt\/wp-json\/wp\/v2\/types\/product"}],"wp:featuredmedia":[{"embeddable":true,"href":"https:\/\/bico.ee\/lt\/wp-json\/wp\/v2\/media\/18628"}],"wp:attachment":[{"href":"https:\/\/bico.ee\/lt\/wp-json\/wp\/v2\/media?parent=18627"}],"wp:term":[{"taxonomy":"product_cat","embeddable":true,"href":"https:\/\/bico.ee\/lt\/wp-json\/wp\/v2\/product_cat?post=18627"},{"taxonomy":"product_tag","embeddable":true,"href":"https:\/\/bico.ee\/lt\/wp-json\/wp\/v2\/product_tag?post=18627"}],"curies":[{"name":"wp","href":"https:\/\/api.w.org\/{rel}","templated":true}]}}