{"id":18629,"date":"2026-04-24T07:43:55","date_gmt":"2026-04-24T07:43:55","guid":{"rendered":""},"modified":"2026-04-24T07:43:55","modified_gmt":"2026-04-24T07:43:55","slug":"bico-bulb-kristallidega-lilleripats-cr49","status":"publish","type":"product","link":"https:\/\/bico.ee\/lt\/p\/bico-bulb-geliu-pakabukas-su-kristalais-cr49\/","title":{"rendered":"Bico &#8220;Bulb&#8221; g\u0117li\u0173 pakabukas su kristalais (CR49)"},"content":{"rendered":"<p>Bico firminiai pakabukai, ikoni\u0161ki ir simboli\u0161ki, papuo\u0161ti autenti\u0161kais Swarovski kristalais. <BR><UL><LI>Pavadinimas: lemput\u0117 <\/LI><LI>Reik\u0161m\u0117: gro\u017eio tur\u0117tojas <\/LI><LI>Autenti\u0161ki \u201eSwarovski\u201c kristalai, sukurti \u012f unikal\u0173 original\u0173 <\/LI><LI>\u201eBico\u201c pakabuko dizain\u0105 Galimos spalvos: m\u0117lyna, raudona, \u0161viesiai m\u0117lyna, ro\u017ein\u0117, skaidri. Pakabuko plotis: 2,7 cm, ilgis: 2,9 cm, kilpos skersmuo: 6,5 mm<\/p>","protected":false},"excerpt":{"rendered":"<p>CR49 0<\/p>\n","protected":false},"featured_media":18630,"template":"","meta":[],"product_cat":[277,291],"product_tag":[],"_links":{"self":[{"href":"https:\/\/bico.ee\/lt\/wp-json\/wp\/v2\/product\/18629"}],"collection":[{"href":"https:\/\/bico.ee\/lt\/wp-json\/wp\/v2\/product"}],"about":[{"href":"https:\/\/bico.ee\/lt\/wp-json\/wp\/v2\/types\/product"}],"wp:featuredmedia":[{"embeddable":true,"href":"https:\/\/bico.ee\/lt\/wp-json\/wp\/v2\/media\/18630"}],"wp:attachment":[{"href":"https:\/\/bico.ee\/lt\/wp-json\/wp\/v2\/media?parent=18629"}],"wp:term":[{"taxonomy":"product_cat","embeddable":true,"href":"https:\/\/bico.ee\/lt\/wp-json\/wp\/v2\/product_cat?post=18629"},{"taxonomy":"product_tag","embeddable":true,"href":"https:\/\/bico.ee\/lt\/wp-json\/wp\/v2\/product_tag?post=18629"}],"curies":[{"name":"wp","href":"https:\/\/api.w.org\/{rel}","templated":true}]}}