{"id":18631,"date":"2026-04-10T18:43:59","date_gmt":"2026-04-10T18:43:59","guid":{"rendered":""},"modified":"2026-04-10T18:43:59","modified_gmt":"2026-04-10T18:43:59","slug":"bico-kilpkonna-kristallidega-ripats-cr50","status":"publish","type":"product","link":"https:\/\/bico.ee\/lt\/p\/bico-vezlio-pakabukas-su-kristalais-cr50\/","title":{"rendered":"Bico  &#8220;V\u0117\u017elio&#8221; pakabukas su kristalais (CR50)"},"content":{"rendered":"<p>Bico firminiai pakabukai, ikoni\u0161ki ir simboli\u0161ki, papuo\u0161ti autenti\u0161kais Swarovski kristalais. <BR><UL><LI>Pavadinimas: V\u0117\u017elys <\/LI><LI>Reik\u0161m\u0117: kilnus ir patikimas partneris <\/LI><LI>Autenti\u0161ki \u201eSwarovski\u201c kristalai \u012feina \u012f unikal\u0173 Bico original\u0173 pakabuko dizain\u0105 Galimos spalvos: m\u0117lyna, \u0161viesiai m\u0117lyna, ro\u017ein\u0117, skaidri. Pakabuko plotis: 2,1 cm, ilgis: 3,3 cm, kilpos skersmuo: 5 mm<\/p>","protected":false},"excerpt":{"rendered":"<p>CR50 0<\/p>\n","protected":false},"featured_media":18632,"template":"","meta":[],"product_cat":[277,291],"product_tag":[],"_links":{"self":[{"href":"https:\/\/bico.ee\/lt\/wp-json\/wp\/v2\/product\/18631"}],"collection":[{"href":"https:\/\/bico.ee\/lt\/wp-json\/wp\/v2\/product"}],"about":[{"href":"https:\/\/bico.ee\/lt\/wp-json\/wp\/v2\/types\/product"}],"wp:featuredmedia":[{"embeddable":true,"href":"https:\/\/bico.ee\/lt\/wp-json\/wp\/v2\/media\/18632"}],"wp:attachment":[{"href":"https:\/\/bico.ee\/lt\/wp-json\/wp\/v2\/media?parent=18631"}],"wp:term":[{"taxonomy":"product_cat","embeddable":true,"href":"https:\/\/bico.ee\/lt\/wp-json\/wp\/v2\/product_cat?post=18631"},{"taxonomy":"product_tag","embeddable":true,"href":"https:\/\/bico.ee\/lt\/wp-json\/wp\/v2\/product_tag?post=18631"}],"curies":[{"name":"wp","href":"https:\/\/api.w.org\/{rel}","templated":true}]}}