{"id":18633,"date":"2026-04-10T18:43:59","date_gmt":"2026-04-10T18:43:59","guid":{"rendered":""},"modified":"2026-04-10T18:43:59","modified_gmt":"2026-04-10T18:43:59","slug":"bico-octopus-kristallidega-ripats-cr51","status":"publish","type":"product","link":"https:\/\/bico.ee\/lt\/p\/bico-astuonkoju-pakabukas-su-kristalais-cr51\/","title":{"rendered":"Bico  &#8220;A\u0161tuonkoj\u0173&#8221; pakabukas su kristalais (CR51)"},"content":{"rendered":"<p>Bico firminiai pakabukai, ikoni\u0161ki ir simboli\u0161ki, papuo\u0161ti autenti\u0161kais Swarovski kristalais. <BR><UL><LI>Pavadinimas: A\u0161tuonkojis <\/LI><LI>Reik\u0161m\u0117: pritaikomas gyvenime Intelektual\u016bs <\/LI><LI>Autenti\u0161ki \u201eSwarovski\u201c kristalai, sukurti \u012f unikal\u0173 <\/LI><LI>\u201eBico\u201c original\u0173 pakabuko dizain\u0105 Galimos spalvos: m\u0117lyna, \u0161viesiai m\u0117lyna, ro\u017ein\u0117, skaidri. Pakabuko plotis: 1,7 cm Ilgis: 3,5 cm Kilpos skersmuo: 5 mm<\/p>","protected":false},"excerpt":{"rendered":"<p>CR51 0<\/p>\n","protected":false},"featured_media":18634,"template":"","meta":[],"product_cat":[277,291],"product_tag":[],"_links":{"self":[{"href":"https:\/\/bico.ee\/lt\/wp-json\/wp\/v2\/product\/18633"}],"collection":[{"href":"https:\/\/bico.ee\/lt\/wp-json\/wp\/v2\/product"}],"about":[{"href":"https:\/\/bico.ee\/lt\/wp-json\/wp\/v2\/types\/product"}],"wp:featuredmedia":[{"embeddable":true,"href":"https:\/\/bico.ee\/lt\/wp-json\/wp\/v2\/media\/18634"}],"wp:attachment":[{"href":"https:\/\/bico.ee\/lt\/wp-json\/wp\/v2\/media?parent=18633"}],"wp:term":[{"taxonomy":"product_cat","embeddable":true,"href":"https:\/\/bico.ee\/lt\/wp-json\/wp\/v2\/product_cat?post=18633"},{"taxonomy":"product_tag","embeddable":true,"href":"https:\/\/bico.ee\/lt\/wp-json\/wp\/v2\/product_tag?post=18633"}],"curies":[{"name":"wp","href":"https:\/\/api.w.org\/{rel}","templated":true}]}}