{"id":18639,"date":"2026-04-10T18:43:59","date_gmt":"2026-04-10T18:43:59","guid":{"rendered":""},"modified":"2026-04-10T18:43:59","modified_gmt":"2026-04-10T18:43:59","slug":"bico-hibiscus-kristallidega-lilleripats-cr54","status":"publish","type":"product","link":"https:\/\/bico.ee\/lt\/p\/bico-hibiscus-pakabukas-su-gelemis-su-kristalais-cr54\/","title":{"rendered":"Bico &#8220;Hibiscus&#8221; pakabukas su g\u0117l\u0117mis su kristalais (CR54)"},"content":{"rendered":"<p>Bico firminiai pakabukai, ikoni\u0161ki ir simboli\u0161ki, papuo\u0161ti autenti\u0161kais Swarovski kristalais. <BR><UL><LI>Pavadinimas: Hibiscus <\/LI><LI>Reik\u0161m\u0117: jaunatvi\u0161ki ir ner\u016bpestingi <\/LI><LI>Autenti\u0161ki \u201eSwarovski\u201c kristalai, sukurti \u012f unikal\u0173 Bico original\u0173 pakabuko dizain\u0105 Galimos spalvos: m\u0117lyna, \u0161viesiai m\u0117lyna, ro\u017ein\u0117. Pakabuko plotis: 2,5 cm Ilgis: 2,5 cm Kilpos skersmuo: 4,7 mm<\/p>","protected":false},"excerpt":{"rendered":"<p>CR54 0<\/p>\n","protected":false},"featured_media":18640,"template":"","meta":[],"product_cat":[277,291],"product_tag":[],"_links":{"self":[{"href":"https:\/\/bico.ee\/lt\/wp-json\/wp\/v2\/product\/18639"}],"collection":[{"href":"https:\/\/bico.ee\/lt\/wp-json\/wp\/v2\/product"}],"about":[{"href":"https:\/\/bico.ee\/lt\/wp-json\/wp\/v2\/types\/product"}],"wp:featuredmedia":[{"embeddable":true,"href":"https:\/\/bico.ee\/lt\/wp-json\/wp\/v2\/media\/18640"}],"wp:attachment":[{"href":"https:\/\/bico.ee\/lt\/wp-json\/wp\/v2\/media?parent=18639"}],"wp:term":[{"taxonomy":"product_cat","embeddable":true,"href":"https:\/\/bico.ee\/lt\/wp-json\/wp\/v2\/product_cat?post=18639"},{"taxonomy":"product_tag","embeddable":true,"href":"https:\/\/bico.ee\/lt\/wp-json\/wp\/v2\/product_tag?post=18639"}],"curies":[{"name":"wp","href":"https:\/\/api.w.org\/{rel}","templated":true}]}}