{"id":18669,"date":"2026-04-10T18:43:59","date_gmt":"2026-04-10T18:43:59","guid":{"rendered":""},"modified":"2026-04-10T18:43:59","modified_gmt":"2026-04-10T18:43:59","slug":"bico-petite-ripats-kristallidega-mv4-koos-ekstra-silmusega","status":"publish","type":"product","link":"https:\/\/bico.ee\/lt\/p\/bico-petite-pakabukas-su-kristalais-mv4-su-papildoma-kilpa\/","title":{"rendered":"Bico &#8220;Petite&#8221; pakabukas su kristalais (MV4) su papildoma kilpa"},"content":{"rendered":"<p>Ma\u017eesnis Bico firminis pakabukas, ikoni\u0161kas ir simboli\u0161kas, papuo\u0161tas autenti\u0161kais Swarovski kristalais. Autenti\u0161ki \u201eSwarovski\u201c kristalai, \u012fterpti \u012f unikal\u0173 \u201eBico\u201c pakabuko dizain\u0105 Tinka ma\u017eesnei \u201eBico\u201c grandinei (F0, F1, F2, F3, F95 iki F100) arba naudokite papildom\u0105 kilp\u0105, kad tilpt\u0173 beveik prie bet kurio \u201eBico\u201c laido ar pakabos. \u0161is pakabukas su kitu didesniu \u201eBico\u201c pakabuku Galimos spalvos: m\u0117lyna, \u0161viesiai m\u0117lyna, ro\u017ein\u0117, skaidri. Pakabuko plotis: 1,1 cm, ilgis: 1,1 cm<\/p>","protected":false},"excerpt":{"rendered":"<p>MV4 0<\/p>\n","protected":false},"featured_media":18670,"template":"","meta":[],"product_cat":[277,292],"product_tag":[],"_links":{"self":[{"href":"https:\/\/bico.ee\/lt\/wp-json\/wp\/v2\/product\/18669"}],"collection":[{"href":"https:\/\/bico.ee\/lt\/wp-json\/wp\/v2\/product"}],"about":[{"href":"https:\/\/bico.ee\/lt\/wp-json\/wp\/v2\/types\/product"}],"wp:featuredmedia":[{"embeddable":true,"href":"https:\/\/bico.ee\/lt\/wp-json\/wp\/v2\/media\/18670"}],"wp:attachment":[{"href":"https:\/\/bico.ee\/lt\/wp-json\/wp\/v2\/media?parent=18669"}],"wp:term":[{"taxonomy":"product_cat","embeddable":true,"href":"https:\/\/bico.ee\/lt\/wp-json\/wp\/v2\/product_cat?post=18669"},{"taxonomy":"product_tag","embeddable":true,"href":"https:\/\/bico.ee\/lt\/wp-json\/wp\/v2\/product_tag?post=18669"}],"curies":[{"name":"wp","href":"https:\/\/api.w.org\/{rel}","templated":true}]}}