{"id":18683,"date":"2026-04-10T18:43:59","date_gmt":"2026-04-10T18:43:59","guid":{"rendered":""},"modified":"2026-04-10T18:43:59","modified_gmt":"2026-04-10T18:43:59","slug":"bico-shell-kuulketiga-kaelakee-f8-4-5mm","status":"publish","type":"product","link":"https:\/\/bico.ee\/lt\/p\/bico-shell-rutulinis-grandininis-karoliai-f8-4-5mm\/","title":{"rendered":"Bico &#8220;Shell&#8221; rutulinis grandininis karoliai (F8) 4,5mm"},"content":{"rendered":"<p>\u0160i rutulin\u0117 grandin\u0117 pagaminta i\u0161 \u017ealvario, o ne i\u0161 plieno ar cinko, kaip pigesn\u0117s grandin\u0117s. Grandin\u0117 padengta grynu sidabru, oksiduota, matiniu b\u016bdu padengta rankomis, po to padengta auk\u0161\u010diausios kokyb\u0117s apsauginiu sluoksniu, kad b\u016bt\u0173 prat\u0119stas d\u0117v\u0117jimo laikas. Ilgis gali b\u016bti reguliuojamas sriegiuojant grandin\u0119 per u\u017esegim\u0105, o grandin\u0119 galima sutrumpinti pjaunant tarp jung\u010di\u0173. Kiekviena grandin\u0117 pagaminta i\u0161 \u017ealvario, padengta sidabru ir poliruota rankomis, kad b\u016bt\u0173 sukurta unikali oksiduota satino apdaila. Galimi ilgiai: 48 cm ir 60 cm \u201eBico\u201c si\u016blo originali\u0173 pakabuk\u0173 asortiment\u0105.<\/p>","protected":false},"excerpt":{"rendered":"<p>F8 0<\/p>\n","protected":false},"featured_media":18684,"template":"","meta":[],"product_cat":[199],"product_tag":[],"_links":{"self":[{"href":"https:\/\/bico.ee\/lt\/wp-json\/wp\/v2\/product\/18683"}],"collection":[{"href":"https:\/\/bico.ee\/lt\/wp-json\/wp\/v2\/product"}],"about":[{"href":"https:\/\/bico.ee\/lt\/wp-json\/wp\/v2\/types\/product"}],"wp:featuredmedia":[{"embeddable":true,"href":"https:\/\/bico.ee\/lt\/wp-json\/wp\/v2\/media\/18684"}],"wp:attachment":[{"href":"https:\/\/bico.ee\/lt\/wp-json\/wp\/v2\/media?parent=18683"}],"wp:term":[{"taxonomy":"product_cat","embeddable":true,"href":"https:\/\/bico.ee\/lt\/wp-json\/wp\/v2\/product_cat?post=18683"},{"taxonomy":"product_tag","embeddable":true,"href":"https:\/\/bico.ee\/lt\/wp-json\/wp\/v2\/product_tag?post=18683"}],"curies":[{"name":"wp","href":"https:\/\/api.w.org\/{rel}","templated":true}]}}