{"id":18689,"date":"2026-04-10T18:43:59","date_gmt":"2026-04-10T18:43:59","guid":{"rendered":""},"modified":"2026-04-10T18:43:59","modified_gmt":"2026-04-10T18:43:59","slug":"bico-crowbar-kuulketiga-kaelakee-f11-6mm-1-4","status":"publish","type":"product","link":"https:\/\/bico.ee\/lt\/p\/bico-crowbar-rutulinis-grandininis-karoliai-f11-6mm-1-4\/","title":{"rendered":"Bico &#8220;Crowbar&#8221; rutulinis grandininis karoliai (F11) 6mm-1\/4&#8243;"},"content":{"rendered":"<p>\u0160i rutulin\u0117 grandin\u0117 pagaminta i\u0161 \u017ealvario, o ne i\u0161 plieno ar cinko, kaip pigesn\u0117s grandin\u0117s. Grandin\u0117 padengta grynu sidabru, oksiduota, matiniu b\u016bdu padengta rankomis, po to padengta auk\u0161\u010diausios kokyb\u0117s apsauginiu sluoksniu, kad b\u016bt\u0173 prat\u0119stas d\u0117v\u0117jimo laikas. Ilgis gali b\u016bti reguliuojamas sriegiuojant grandin\u0119 per u\u017esegim\u0105, o grandin\u0119 galima sutrumpinti pjaunant tarp jung\u010di\u0173. Didel\u0117 grandin\u0117, kuri\u0105 galima ne\u0161ioti be pakabuko Kiekviena grandin\u0117 pagaminta i\u0161 tvirto \u017ealvario, tada padengta sidabru ir poliruojama rankomis, kad b\u016bt\u0173 sukurta unikali oksiduota satino apdaila. Galimi ilgiai: 48 cm ir 60 cm Galimi keturi skirtingi storiai: F0, F9, F10, F11.<\/p>","protected":false},"excerpt":{"rendered":"<p>F11 0<\/p>\n","protected":false},"featured_media":18690,"template":"","meta":[],"product_cat":[199],"product_tag":[],"_links":{"self":[{"href":"https:\/\/bico.ee\/lt\/wp-json\/wp\/v2\/product\/18689"}],"collection":[{"href":"https:\/\/bico.ee\/lt\/wp-json\/wp\/v2\/product"}],"about":[{"href":"https:\/\/bico.ee\/lt\/wp-json\/wp\/v2\/types\/product"}],"wp:featuredmedia":[{"embeddable":true,"href":"https:\/\/bico.ee\/lt\/wp-json\/wp\/v2\/media\/18690"}],"wp:attachment":[{"href":"https:\/\/bico.ee\/lt\/wp-json\/wp\/v2\/media?parent=18689"}],"wp:term":[{"taxonomy":"product_cat","embeddable":true,"href":"https:\/\/bico.ee\/lt\/wp-json\/wp\/v2\/product_cat?post=18689"},{"taxonomy":"product_tag","embeddable":true,"href":"https:\/\/bico.ee\/lt\/wp-json\/wp\/v2\/product_tag?post=18689"}],"curies":[{"name":"wp","href":"https:\/\/api.w.org\/{rel}","templated":true}]}}