{"id":18719,"date":"2026-04-10T18:43:59","date_gmt":"2026-04-10T18:43:59","guid":{"rendered":""},"modified":"2026-04-10T18:43:59","modified_gmt":"2026-04-10T18:43:59","slug":"bico-cyclone-keti-kaelakee-f38-4mm-5-32","status":"publish","type":"product","link":"https:\/\/bico.ee\/lt\/p\/bico-cyclone-grandininis-karoliai-f38-4mm-5-32\/","title":{"rendered":"Bico &#8220;Cyclone&#8221; grandininis karoliai (F38) 4mm 5\/32\u2033"},"content":{"rendered":"<p>\u0160i grandin\u0117 pagaminta i\u0161 tvirto \u017ealvario, o ne i\u0161 plieno ar cinko, kaip pigesn\u0117s grandin\u0117s. Grandin\u0117 padengta grynu sidabru, oksiduota, matiniu b\u016bdu padengta rankomis, po to padengta auk\u0161\u010diausios kokyb\u0117s apsauginiu sluoksniu, kad b\u016bt\u0173 prat\u0119stas d\u0117v\u0117jimo laikas. Kiekviena grandin\u0117 pagaminta i\u0161 \u017ealvario, padengta sidabru ir poliruota rankomis, kad b\u016bt\u0173 sukurta unikali oksiduota satino apdaila. Galimi ilgiai: 40, 45, 50 ir 55 cm \u201eBico\u201c si\u016blo originali\u0173 pakabuk\u0173 asortiment\u0105.<\/p>","protected":false},"excerpt":{"rendered":"<p>F38 0<\/p>\n","protected":false},"featured_media":18720,"template":"","meta":[],"product_cat":[199],"product_tag":[],"_links":{"self":[{"href":"https:\/\/bico.ee\/lt\/wp-json\/wp\/v2\/product\/18719"}],"collection":[{"href":"https:\/\/bico.ee\/lt\/wp-json\/wp\/v2\/product"}],"about":[{"href":"https:\/\/bico.ee\/lt\/wp-json\/wp\/v2\/types\/product"}],"wp:featuredmedia":[{"embeddable":true,"href":"https:\/\/bico.ee\/lt\/wp-json\/wp\/v2\/media\/18720"}],"wp:attachment":[{"href":"https:\/\/bico.ee\/lt\/wp-json\/wp\/v2\/media?parent=18719"}],"wp:term":[{"taxonomy":"product_cat","embeddable":true,"href":"https:\/\/bico.ee\/lt\/wp-json\/wp\/v2\/product_cat?post=18719"},{"taxonomy":"product_tag","embeddable":true,"href":"https:\/\/bico.ee\/lt\/wp-json\/wp\/v2\/product_tag?post=18719"}],"curies":[{"name":"wp","href":"https:\/\/api.w.org\/{rel}","templated":true}]}}