{"id":18745,"date":"2026-04-10T18:44:00","date_gmt":"2026-04-10T18:44:00","guid":{"rendered":""},"modified":"2026-04-10T18:44:00","modified_gmt":"2026-04-10T18:44:00","slug":"bico-snake-must-ketikaelakee-f100-must-3mm-1-8","status":"publish","type":"product","link":"https:\/\/bico.ee\/lt\/p\/bico-snake-juodos-grandines-karoliai-f100-juoda-3mm-1-8\/","title":{"rendered":"Bico &#8220;Snake&#8221; juodos grandin\u0117s karoliai (F100 juoda) 3mm 1\/8\u2033"},"content":{"rendered":"<p>\u0160i grandin\u0117 pagaminta i\u0161 tvirto \u017ealvario, o ne i\u0161 plieno ar cinko, kaip pigesn\u0117s grandin\u0117s. Grandin\u0117 padengta juodos spalvos apdaila, rankiniu b\u016bdu poliruota, po to padengta auk\u0161\u010diausios kokyb\u0117s apsauginiu sluoksniu, kad prailgint\u0173 d\u0117v\u0117jimo laik\u0105. Kiekviena grandin\u0117 pagaminta i\u0161 \u017ealvario ir padengta juodos spalvos apdaila. Galimi ilgiai: 40, 45, 50 ir 55 cm \u201eBico\u201c si\u016blo \u012fvairius juodos spalvos \u201eBico\u201c pakabukus, kad u\u017ebaigt\u0173 rinkin\u012f.<\/p>","protected":false},"excerpt":{"rendered":"<p>F100BLK 0<\/p>\n","protected":false},"featured_media":18746,"template":"","meta":[],"product_cat":[302],"product_tag":[],"_links":{"self":[{"href":"https:\/\/bico.ee\/lt\/wp-json\/wp\/v2\/product\/18745"}],"collection":[{"href":"https:\/\/bico.ee\/lt\/wp-json\/wp\/v2\/product"}],"about":[{"href":"https:\/\/bico.ee\/lt\/wp-json\/wp\/v2\/types\/product"}],"wp:featuredmedia":[{"embeddable":true,"href":"https:\/\/bico.ee\/lt\/wp-json\/wp\/v2\/media\/18746"}],"wp:attachment":[{"href":"https:\/\/bico.ee\/lt\/wp-json\/wp\/v2\/media?parent=18745"}],"wp:term":[{"taxonomy":"product_cat","embeddable":true,"href":"https:\/\/bico.ee\/lt\/wp-json\/wp\/v2\/product_cat?post=18745"},{"taxonomy":"product_tag","embeddable":true,"href":"https:\/\/bico.ee\/lt\/wp-json\/wp\/v2\/product_tag?post=18745"}],"curies":[{"name":"wp","href":"https:\/\/api.w.org\/{rel}","templated":true}]}}