{"id":18747,"date":"2026-04-10T18:44:00","date_gmt":"2026-04-10T18:44:00","guid":{"rendered":""},"modified":"2026-04-10T18:44:00","modified_gmt":"2026-04-10T18:44:00","slug":"bico-rain-keti-kaelakee-ft99-3mm-1-8","status":"publish","type":"product","link":"https:\/\/bico.ee\/lt\/p\/bico-rain-grandininis-karoliai-ft99-3mm-1-8\/","title":{"rendered":"Bico &#8220;Rain&#8221; grandininis karoliai (FT99) 3mm 1\/8\u2033"},"content":{"rendered":"<p>\u0160i grandin\u0117 pagaminta i\u0161 tvirto \u017ealvario, o ne i\u0161 plieno ar cinko, kaip pigesn\u0117s grandin\u0117s. Grandin\u0117 padengta grynu sidabru, oksiduojama, poliruojama rankomis iki blizgios dangos, po to padengiama auk\u0161\u010diausios kokyb\u0117s apsauginiu sluoksniu, kad prailg\u0117t\u0173 d\u0117v\u0117jimosi laikas. Puikiai tinka derinti su BICO BT ir BTS pakabuk\u0173 gama. Kiekviena grandin\u0117 pagaminta i\u0161 \u017ealvario ir padengta gryno sidabro sluoksniu. Taip pat galima \u012fsigyti \u201eSatin Silver F13\u201c grandin\u0117s Galimi ilgiai: 40, 45, 50 ir 55 cm.<\/p>","protected":false},"excerpt":{"rendered":"<p>FT99 0<\/p>\n","protected":false},"featured_media":26383,"template":"","meta":[],"product_cat":[204],"product_tag":[],"_links":{"self":[{"href":"https:\/\/bico.ee\/lt\/wp-json\/wp\/v2\/product\/18747"}],"collection":[{"href":"https:\/\/bico.ee\/lt\/wp-json\/wp\/v2\/product"}],"about":[{"href":"https:\/\/bico.ee\/lt\/wp-json\/wp\/v2\/types\/product"}],"wp:featuredmedia":[{"embeddable":true,"href":"https:\/\/bico.ee\/lt\/wp-json\/wp\/v2\/media\/26383"}],"wp:attachment":[{"href":"https:\/\/bico.ee\/lt\/wp-json\/wp\/v2\/media?parent=18747"}],"wp:term":[{"taxonomy":"product_cat","embeddable":true,"href":"https:\/\/bico.ee\/lt\/wp-json\/wp\/v2\/product_cat?post=18747"},{"taxonomy":"product_tag","embeddable":true,"href":"https:\/\/bico.ee\/lt\/wp-json\/wp\/v2\/product_tag?post=18747"}],"curies":[{"name":"wp","href":"https:\/\/api.w.org\/{rel}","templated":true}]}}