{"id":18757,"date":"2026-04-10T18:44:00","date_gmt":"2026-04-10T18:44:00","guid":{"rendered":""},"modified":"2026-04-10T18:44:00","modified_gmt":"2026-04-10T18:44:00","slug":"bico-cyclone-keti-kaelakee-ft104-4mm-5-32","status":"publish","type":"product","link":"https:\/\/bico.ee\/lt\/p\/bico-cyclone-grandininis-karoliai-ft104-4mm-5-32\/","title":{"rendered":"Bico &#8220;Cyclone&#8221; grandininis karoliai (FT104) 4mm 5\/32\u2033"},"content":{"rendered":"<p>\u0160i grandin\u0117 pagaminta i\u0161 tvirto \u017ealvario, o ne i\u0161 plieno ar cinko, kaip pigesn\u0117s grandin\u0117s. Grandin\u0117 padengta grynu sidabru, oksiduojama, poliruojama rankomis iki blizgios dangos, po to padengiama auk\u0161\u010diausios kokyb\u0117s apsauginiu sluoksniu, kad prailg\u0117t\u0173 d\u0117v\u0117jimosi laikas. Puikiai tinka derinti su BICO BT ir BTS pakabuk\u0173 gama. Kiekviena grandin\u0117 pagaminta i\u0161 \u017ealvario ir padengta gryno sidabro sluoksniu. Galimi ilgiai: 40, 45, 50 ir 55 cm \u201eBico\u201c si\u016blo daugyb\u0119 poliruot\u0173 BT pakabuk\u0173, kad u\u017ebaigt\u0173 rinkin\u012f.<\/p>","protected":false},"excerpt":{"rendered":"<p>FT104 0<\/p>\n","protected":false},"featured_media":26403,"template":"","meta":[],"product_cat":[204],"product_tag":[],"_links":{"self":[{"href":"https:\/\/bico.ee\/lt\/wp-json\/wp\/v2\/product\/18757"}],"collection":[{"href":"https:\/\/bico.ee\/lt\/wp-json\/wp\/v2\/product"}],"about":[{"href":"https:\/\/bico.ee\/lt\/wp-json\/wp\/v2\/types\/product"}],"wp:featuredmedia":[{"embeddable":true,"href":"https:\/\/bico.ee\/lt\/wp-json\/wp\/v2\/media\/26403"}],"wp:attachment":[{"href":"https:\/\/bico.ee\/lt\/wp-json\/wp\/v2\/media?parent=18757"}],"wp:term":[{"taxonomy":"product_cat","embeddable":true,"href":"https:\/\/bico.ee\/lt\/wp-json\/wp\/v2\/product_cat?post=18757"},{"taxonomy":"product_tag","embeddable":true,"href":"https:\/\/bico.ee\/lt\/wp-json\/wp\/v2\/product_tag?post=18757"}],"curies":[{"name":"wp","href":"https:\/\/api.w.org\/{rel}","templated":true}]}}