{"id":18781,"date":"2026-04-10T18:44:00","date_gmt":"2026-04-10T18:44:00","guid":{"rendered":""},"modified":"2026-04-10T18:44:00","modified_gmt":"2026-04-10T18:44:00","slug":"bico-kasitsi-valmistatud-kett-f302-7mm-9-32","status":"publish","type":"product","link":"https:\/\/bico.ee\/lt\/p\/bico-ranku-darbo-grandine-f302-7mm-9-32\/","title":{"rendered":"Bico rank\u0173 darbo grandin\u0117 (F302) 7mm 9\/32\u2033"},"content":{"rendered":"<p>\u0160i grandin\u0117 yra originalus \u201eBico\u201c dizainas, pagamintas i\u0161 individualiai i\u0161liet\u0173 ir rankomis u\u017ebaigt\u0173 alavo sait\u0173, kurios v\u0117liau sujungiamos. Grandin\u0117 padengta grynu sidabru, matiniu b\u016bdu padengta rankomis, po to padengta auk\u0161\u010diausios kokyb\u0117s apsauginiu sluoksniu, kad prailgint\u0173 d\u0117v\u0117jimo laik\u0105. Rankomis pagaminti u\u017esegimai yra atidarom\u0173 \u017eandikauli\u0173 pavidalo. Pavadinimas: Pramon\u0117 Rank\u0173 darbo i\u0161 atskirai i\u0161liet\u0173 alavo sait\u0173, padengta sidabru, o po to poliruota iki satino. Galimi ilgiai: 40, 45, 50 ir 55 cm Galima d\u0117v\u0117ti atskirai arba su Bico pakabuku.<\/p>","protected":false},"excerpt":{"rendered":"<p>F302 0<\/p>\n","protected":false},"featured_media":18782,"template":"","meta":[],"product_cat":[199],"product_tag":[],"_links":{"self":[{"href":"https:\/\/bico.ee\/lt\/wp-json\/wp\/v2\/product\/18781"}],"collection":[{"href":"https:\/\/bico.ee\/lt\/wp-json\/wp\/v2\/product"}],"about":[{"href":"https:\/\/bico.ee\/lt\/wp-json\/wp\/v2\/types\/product"}],"wp:featuredmedia":[{"embeddable":true,"href":"https:\/\/bico.ee\/lt\/wp-json\/wp\/v2\/media\/18782"}],"wp:attachment":[{"href":"https:\/\/bico.ee\/lt\/wp-json\/wp\/v2\/media?parent=18781"}],"wp:term":[{"taxonomy":"product_cat","embeddable":true,"href":"https:\/\/bico.ee\/lt\/wp-json\/wp\/v2\/product_cat?post=18781"},{"taxonomy":"product_tag","embeddable":true,"href":"https:\/\/bico.ee\/lt\/wp-json\/wp\/v2\/product_tag?post=18781"}],"curies":[{"name":"wp","href":"https:\/\/api.w.org\/{rel}","templated":true}]}}