{"id":18797,"date":"2026-04-10T18:44:00","date_gmt":"2026-04-10T18:44:00","guid":{"rendered":""},"modified":"2026-04-10T18:44:00","modified_gmt":"2026-04-10T18:44:00","slug":"bico-angelcatcher-kasitsi-valmistatud-kummist-ja-metallist-kaelakee-cb8","status":"publish","type":"product","link":"https:\/\/bico.ee\/lt\/p\/bico-angelcatcher-ranku-darbo-gumos-ir-metalo-karoliai-cb8\/","title":{"rendered":"Bico &#8220;Angelcatcher&#8221; rank\u0173 darbo gumos ir metalo karoliai (CB8)"},"content":{"rendered":"<p>\u0160i grandin\u0117 yra originali \u201eBico\u201c konstrukcija, pagaminta i\u0161 individualiai i\u0161liet\u0173 ir rankomis padengt\u0173 alavo element\u0173, kurie v\u0117liau surenkami ant guminio laido. Metalas padengtas grynu sidabru, matiniu b\u016bdu padengtas rankomis, po to padengtas auk\u0161\u010diausios kokyb\u0117s apsauginiu sluoksniu, kad b\u016bt\u0173 prat\u0119stas d\u0117v\u0117jimo laikas. Pavadinimas: Angelo gaudytojas Reik\u0161m\u0117: trok\u0161tantis ap\u0161vietimas Rank\u0173 darbo i\u0161 individualiai i\u0161liet\u0173 ir gatav\u0173 alavo element\u0173 ant gumin\u0117s virvel\u0117s Galimi ilgiai: 40, 45 ir 50 cm. Taip pat galima \u012fsigyti kaip apyrank\u0119 (CA4), kuri\u0173 ilgis: 18, 21 ir 24 cm<\/p>","protected":false},"excerpt":{"rendered":"<p>CB8 0<\/p>\n","protected":false},"featured_media":28056,"template":"","meta":[],"product_cat":[103],"product_tag":[],"_links":{"self":[{"href":"https:\/\/bico.ee\/lt\/wp-json\/wp\/v2\/product\/18797"}],"collection":[{"href":"https:\/\/bico.ee\/lt\/wp-json\/wp\/v2\/product"}],"about":[{"href":"https:\/\/bico.ee\/lt\/wp-json\/wp\/v2\/types\/product"}],"wp:featuredmedia":[{"embeddable":true,"href":"https:\/\/bico.ee\/lt\/wp-json\/wp\/v2\/media\/28056"}],"wp:attachment":[{"href":"https:\/\/bico.ee\/lt\/wp-json\/wp\/v2\/media?parent=18797"}],"wp:term":[{"taxonomy":"product_cat","embeddable":true,"href":"https:\/\/bico.ee\/lt\/wp-json\/wp\/v2\/product_cat?post=18797"},{"taxonomy":"product_tag","embeddable":true,"href":"https:\/\/bico.ee\/lt\/wp-json\/wp\/v2\/product_tag?post=18797"}],"curies":[{"name":"wp","href":"https:\/\/api.w.org\/{rel}","templated":true}]}}