{"id":18803,"date":"2026-04-10T18:44:00","date_gmt":"2026-04-10T18:44:00","guid":{"rendered":""},"modified":"2026-04-10T18:44:00","modified_gmt":"2026-04-10T18:44:00","slug":"bico-4mm-pruun-nahast-kaelakee-hobedase-silmuse-ja-otstega-cl1-pruun","status":"publish","type":"product","link":"https:\/\/bico.ee\/lt\/p\/bico-4-mm-rudos-odos-karoliai-su-sidabrine-kilpa-ir-galais-cl1-ruda\/","title":{"rendered":"Bico 4 mm rudos odos karoliai su sidabrine kilpa ir galais (CL1 ruda)"},"content":{"rendered":"<p>BICO odos gaminiai pagaminti naudojant tik tikr\u0105 karv\u0117s odos od\u0105. Kadangi oda yra nat\u016bralus produktas, kiekvieno gabalo spalva ir tekst\u016bra \u0161iek tiek skiriasi. Pagaminta naudojant 4 mm od\u0105 su rankiniu liejimu ir baigtais galais bei kilpa &#8211; yra papildoma paprasta kilpa. Galimi ilgiai: 40, 45, 50 ir 55 cm \u201eBico\u201c si\u016blo originali\u0173 pakabuk\u0173 asortiment\u0105.<\/p>","protected":false},"excerpt":{"rendered":"<p>CL1BR 0<\/p>\n","protected":false},"featured_media":18804,"template":"","meta":[],"product_cat":[313],"product_tag":[],"_links":{"self":[{"href":"https:\/\/bico.ee\/lt\/wp-json\/wp\/v2\/product\/18803"}],"collection":[{"href":"https:\/\/bico.ee\/lt\/wp-json\/wp\/v2\/product"}],"about":[{"href":"https:\/\/bico.ee\/lt\/wp-json\/wp\/v2\/types\/product"}],"wp:featuredmedia":[{"embeddable":true,"href":"https:\/\/bico.ee\/lt\/wp-json\/wp\/v2\/media\/18804"}],"wp:attachment":[{"href":"https:\/\/bico.ee\/lt\/wp-json\/wp\/v2\/media?parent=18803"}],"wp:term":[{"taxonomy":"product_cat","embeddable":true,"href":"https:\/\/bico.ee\/lt\/wp-json\/wp\/v2\/product_cat?post=18803"},{"taxonomy":"product_tag","embeddable":true,"href":"https:\/\/bico.ee\/lt\/wp-json\/wp\/v2\/product_tag?post=18803"}],"curies":[{"name":"wp","href":"https:\/\/api.w.org\/{rel}","templated":true}]}}