{"id":18819,"date":"2026-04-10T18:44:00","date_gmt":"2026-04-10T18:44:00","guid":{"rendered":""},"modified":"2026-04-10T18:44:00","modified_gmt":"2026-04-10T18:44:00","slug":"bico-2mm-must-nahast-kaelakee-cl8-must-suuruste-valik-40cm-45cm-50cm-55cm","status":"publish","type":"product","link":"https:\/\/bico.ee\/lt\/p\/bico-2mm-juodas-odinis-karoliai-cl8-juodas\/","title":{"rendered":"Bico 2mm juodas odinis karoliai (CL8 juodas)"},"content":{"rendered":"<p>BICO odos gaminiai pagaminti naudojant tik tikr\u0105 karv\u0117s odos od\u0105. Kadangi oda yra nat\u016bralus produktas, kiekvieno gabalo spalva ir tekst\u016bra \u0161iek tiek skiriasi. Pagaminta naudojant 2 mm odos laid\u0105 ir satino dang\u0105 i\u0161 ner\u016bdijan\u010dio plieno. Galima \u012fsigyti juodos arba rudos odos. Galimi ilgiai: 40, 45, 50 ir 55 cm.<\/p>","protected":false},"excerpt":{"rendered":"<p>CL8BLK 0<\/p>\n","protected":false},"featured_media":28057,"template":"","meta":[],"product_cat":[313],"product_tag":[],"_links":{"self":[{"href":"https:\/\/bico.ee\/lt\/wp-json\/wp\/v2\/product\/18819"}],"collection":[{"href":"https:\/\/bico.ee\/lt\/wp-json\/wp\/v2\/product"}],"about":[{"href":"https:\/\/bico.ee\/lt\/wp-json\/wp\/v2\/types\/product"}],"wp:featuredmedia":[{"embeddable":true,"href":"https:\/\/bico.ee\/lt\/wp-json\/wp\/v2\/media\/28057"}],"wp:attachment":[{"href":"https:\/\/bico.ee\/lt\/wp-json\/wp\/v2\/media?parent=18819"}],"wp:term":[{"taxonomy":"product_cat","embeddable":true,"href":"https:\/\/bico.ee\/lt\/wp-json\/wp\/v2\/product_cat?post=18819"},{"taxonomy":"product_tag","embeddable":true,"href":"https:\/\/bico.ee\/lt\/wp-json\/wp\/v2\/product_tag?post=18819"}],"curies":[{"name":"wp","href":"https:\/\/api.w.org\/{rel}","templated":true}]}}