{"id":18823,"date":"2026-04-10T18:44:00","date_gmt":"2026-04-10T18:44:00","guid":{"rendered":""},"modified":"2026-04-10T18:44:00","modified_gmt":"2026-04-10T18:44:00","slug":"bico-5mm-must-kummist-kaelakee-cl11","status":"publish","type":"product","link":"https:\/\/bico.ee\/lt\/p\/bico-5mm-juodas-guminis-karoliai-cl11\/","title":{"rendered":"Bico 5mm juodas guminis karoliai (CL11)"},"content":{"rendered":"<p>Pagaminta naudojant 5 mm gumin\u012f laid\u0105 ir satino dang\u0105 i\u0161 ner\u016bdijan\u010dio plieno. Galimi ilgiai: 40, 45, 50 ir 55 cm \u201eBico\u201c si\u016blo originali\u0173 pakabuk\u0173 asortiment\u0105.<\/p>","protected":false},"excerpt":{"rendered":"<p>CL11 0<\/p>\n","protected":false},"featured_media":18824,"template":"","meta":[],"product_cat":[313],"product_tag":[],"_links":{"self":[{"href":"https:\/\/bico.ee\/lt\/wp-json\/wp\/v2\/product\/18823"}],"collection":[{"href":"https:\/\/bico.ee\/lt\/wp-json\/wp\/v2\/product"}],"about":[{"href":"https:\/\/bico.ee\/lt\/wp-json\/wp\/v2\/types\/product"}],"wp:featuredmedia":[{"embeddable":true,"href":"https:\/\/bico.ee\/lt\/wp-json\/wp\/v2\/media\/18824"}],"wp:attachment":[{"href":"https:\/\/bico.ee\/lt\/wp-json\/wp\/v2\/media?parent=18823"}],"wp:term":[{"taxonomy":"product_cat","embeddable":true,"href":"https:\/\/bico.ee\/lt\/wp-json\/wp\/v2\/product_cat?post=18823"},{"taxonomy":"product_tag","embeddable":true,"href":"https:\/\/bico.ee\/lt\/wp-json\/wp\/v2\/product_tag?post=18823"}],"curies":[{"name":"wp","href":"https:\/\/api.w.org\/{rel}","templated":true}]}}