{"id":18827,"date":"2026-04-10T18:44:00","date_gmt":"2026-04-10T18:44:00","guid":{"rendered":""},"modified":"2026-04-10T18:44:00","modified_gmt":"2026-04-10T18:44:00","slug":"bico-2mm-pruun-punutud-kaelakee-cl12-pruun","status":"publish","type":"product","link":"https:\/\/bico.ee\/lt\/p\/bico-2mm-rudas-pintas-karoliai-cl12-brown\/","title":{"rendered":"Bico 2mm rudas pintas karoliai (CL12 Brown)"},"content":{"rendered":"<p>Pagaminta naudojant 2 mm pint\u0105 odos laid\u0105 ir satino dang\u0105 i\u0161 ner\u016bdijan\u010dio plieno. Galimi ilgiai: 40, 45, 50, 55 ir 65 cm \u201eBico\u201c si\u016blo originali\u0173 pakabuk\u0173 asortiment\u0105.<\/p>","protected":false},"excerpt":{"rendered":"<p>CL12BR 0<\/p>\n","protected":false},"featured_media":18828,"template":"","meta":[],"product_cat":[313],"product_tag":[],"_links":{"self":[{"href":"https:\/\/bico.ee\/lt\/wp-json\/wp\/v2\/product\/18827"}],"collection":[{"href":"https:\/\/bico.ee\/lt\/wp-json\/wp\/v2\/product"}],"about":[{"href":"https:\/\/bico.ee\/lt\/wp-json\/wp\/v2\/types\/product"}],"wp:featuredmedia":[{"embeddable":true,"href":"https:\/\/bico.ee\/lt\/wp-json\/wp\/v2\/media\/18828"}],"wp:attachment":[{"href":"https:\/\/bico.ee\/lt\/wp-json\/wp\/v2\/media?parent=18827"}],"wp:term":[{"taxonomy":"product_cat","embeddable":true,"href":"https:\/\/bico.ee\/lt\/wp-json\/wp\/v2\/product_cat?post=18827"},{"taxonomy":"product_tag","embeddable":true,"href":"https:\/\/bico.ee\/lt\/wp-json\/wp\/v2\/product_tag?post=18827"}],"curies":[{"name":"wp","href":"https:\/\/api.w.org\/{rel}","templated":true}]}}