{"id":18835,"date":"2026-04-10T18:44:00","date_gmt":"2026-04-10T18:44:00","guid":{"rendered":""},"modified":"2026-04-10T18:44:00","modified_gmt":"2026-04-10T18:44:00","slug":"bico-4mm-pruun-punutud-kaelakee-cl14-pruun","status":"publish","type":"product","link":"https:\/\/bico.ee\/lt\/p\/bico-4mm-rudas-pintas-karoliai-cl14-brown\/","title":{"rendered":"Bico 4mm rudas pintas karoliai (CL14 Brown)"},"content":{"rendered":"<p>Pagaminta i\u0161 4 mm pynimo laido ir satino apdailos ner\u016bdijan\u010dio plieno. Galimi ilgiai: 40, 45, 50, 55 ir 65 cm \u201eBico\u201c si\u016blo originali\u0173 pakabuk\u0173 asortiment\u0105.<\/p>","protected":false},"excerpt":{"rendered":"<p>CL14BR 0<\/p>\n","protected":false},"featured_media":18836,"template":"","meta":[],"product_cat":[313],"product_tag":[],"_links":{"self":[{"href":"https:\/\/bico.ee\/lt\/wp-json\/wp\/v2\/product\/18835"}],"collection":[{"href":"https:\/\/bico.ee\/lt\/wp-json\/wp\/v2\/product"}],"about":[{"href":"https:\/\/bico.ee\/lt\/wp-json\/wp\/v2\/types\/product"}],"wp:featuredmedia":[{"embeddable":true,"href":"https:\/\/bico.ee\/lt\/wp-json\/wp\/v2\/media\/18836"}],"wp:attachment":[{"href":"https:\/\/bico.ee\/lt\/wp-json\/wp\/v2\/media?parent=18835"}],"wp:term":[{"taxonomy":"product_cat","embeddable":true,"href":"https:\/\/bico.ee\/lt\/wp-json\/wp\/v2\/product_cat?post=18835"},{"taxonomy":"product_tag","embeddable":true,"href":"https:\/\/bico.ee\/lt\/wp-json\/wp\/v2\/product_tag?post=18835"}],"curies":[{"name":"wp","href":"https:\/\/api.w.org\/{rel}","templated":true}]}}