{"id":18837,"date":"2026-04-10T18:44:00","date_gmt":"2026-04-10T18:44:00","guid":{"rendered":""},"modified":"2026-04-10T18:44:00","modified_gmt":"2026-04-10T18:44:00","slug":"bico-6mm-must-punutud-nahast-kaelakee-kasitsi-valmistatud-klambrite-ja-silmusega-cl15-must","status":"publish","type":"product","link":"https:\/\/bico.ee\/lt\/p\/bico-6-mm-juodos-pintos-odos-karoliai-su-ranku-darbo-uzsegimais-ir-kilpa-cl15-juoda\/","title":{"rendered":"Bico 6 mm juodos pintos odos karoliai su rank\u0173 darbo u\u017esegimais ir kilpa (CL15 juoda)"},"content":{"rendered":"<p>Pagaminta naudojant 5 mm pint\u0105 odos laid\u0105 ir satino apdailos ner\u016bdijant\u012f plien\u0105. Galima rinktis i\u0161 juodos arba rudos odos. Galimi ilgiai: 40, 45, 50, 55 ir 65 cm.<\/p>","protected":false},"excerpt":{"rendered":"<p>CL15BLK 0<\/p>\n","protected":false},"featured_media":18838,"template":"","meta":[],"product_cat":[313],"product_tag":[],"_links":{"self":[{"href":"https:\/\/bico.ee\/lt\/wp-json\/wp\/v2\/product\/18837"}],"collection":[{"href":"https:\/\/bico.ee\/lt\/wp-json\/wp\/v2\/product"}],"about":[{"href":"https:\/\/bico.ee\/lt\/wp-json\/wp\/v2\/types\/product"}],"wp:featuredmedia":[{"embeddable":true,"href":"https:\/\/bico.ee\/lt\/wp-json\/wp\/v2\/media\/18838"}],"wp:attachment":[{"href":"https:\/\/bico.ee\/lt\/wp-json\/wp\/v2\/media?parent=18837"}],"wp:term":[{"taxonomy":"product_cat","embeddable":true,"href":"https:\/\/bico.ee\/lt\/wp-json\/wp\/v2\/product_cat?post=18837"},{"taxonomy":"product_tag","embeddable":true,"href":"https:\/\/bico.ee\/lt\/wp-json\/wp\/v2\/product_tag?post=18837"}],"curies":[{"name":"wp","href":"https:\/\/api.w.org\/{rel}","templated":true}]}}