{"id":18841,"date":"2026-04-10T18:44:00","date_gmt":"2026-04-10T18:44:00","guid":{"rendered":""},"modified":"2026-04-10T18:44:00","modified_gmt":"2026-04-10T18:44:00","slug":"bico-kasitsi-kootud-mustast-puuvillast-noorist-kaelakee-solme-otsaga-cl16-must-skate-ehted","status":"publish","type":"product","link":"https:\/\/bico.ee\/lt\/p\/bico-rankomis-austas-juodas-medvilninis-virveles-karoliai-su-mazguota-galine-kilpa-juoda-spalva-cl16\/","title":{"rendered":"Bico rankomis austas juodas medvilninis virvel\u0117s karoliai su mazguota galine kilpa (juoda spalva CL16)"},"content":{"rendered":"<p>Kiekviena virvel\u0117 yra individualiai austa rankomis i\u0161 medviln\u0117s si\u016bl\u0173, austa rankomis ir poliruoto alavo galo. Galimos spalvos: juoda arba ruda Galimi ilgiai: 40, 45, 50, 55 ir 65 cm \u201eBico\u201c si\u016blo originali\u0173 pakabuk\u0173 asortiment\u0105.<\/p>","protected":false},"excerpt":{"rendered":"<p>CL16BLK 0<\/p>\n","protected":false},"featured_media":18842,"template":"","meta":[],"product_cat":[313],"product_tag":[],"_links":{"self":[{"href":"https:\/\/bico.ee\/lt\/wp-json\/wp\/v2\/product\/18841"}],"collection":[{"href":"https:\/\/bico.ee\/lt\/wp-json\/wp\/v2\/product"}],"about":[{"href":"https:\/\/bico.ee\/lt\/wp-json\/wp\/v2\/types\/product"}],"wp:featuredmedia":[{"embeddable":true,"href":"https:\/\/bico.ee\/lt\/wp-json\/wp\/v2\/media\/18842"}],"wp:attachment":[{"href":"https:\/\/bico.ee\/lt\/wp-json\/wp\/v2\/media?parent=18841"}],"wp:term":[{"taxonomy":"product_cat","embeddable":true,"href":"https:\/\/bico.ee\/lt\/wp-json\/wp\/v2\/product_cat?post=18841"},{"taxonomy":"product_tag","embeddable":true,"href":"https:\/\/bico.ee\/lt\/wp-json\/wp\/v2\/product_tag?post=18841"}],"curies":[{"name":"wp","href":"https:\/\/api.w.org\/{rel}","templated":true}]}}