{"id":18844,"date":"2026-04-24T07:43:58","date_gmt":"2026-04-24T07:43:58","guid":{"rendered":""},"modified":"2026-04-24T07:43:58","modified_gmt":"2026-04-24T07:43:58","slug":"bico-kasitsi-kootud-pruuni-puuvillase-nooriga-kaelakee-solme-otsaga-cl16-pruun","status":"publish","type":"product","link":"https:\/\/bico.ee\/lt\/p\/bico-rankiniu-budu-austas-rudos-medvilnes-virveles-karoliai-su-mazguota-galine-kilpa-cl16-ruda\/","title":{"rendered":"Bico rankiniu b\u016bdu austas rudos medviln\u0117s virvel\u0117s karoliai su mazguota galine kilpa (CL16 ruda)"},"content":{"rendered":"<p>Kiekviena virvel\u0117 yra individualiai austa rankomis i\u0161 medviln\u0117s si\u016bl\u0173, austa rankomis ir poliruoto alavo galo. Galimos spalvos: juoda arba ruda Galimi ilgiai: 40, 45, 50, 55 ir 65 cm \u201eBico\u201c si\u016blo originali\u0173 pakabuk\u0173 asortiment\u0105.<\/p>","protected":false},"excerpt":{"rendered":"<p>CL16BR 0<\/p>\n","protected":false},"featured_media":18845,"template":"","meta":[],"product_cat":[313],"product_tag":[],"_links":{"self":[{"href":"https:\/\/bico.ee\/lt\/wp-json\/wp\/v2\/product\/18844"}],"collection":[{"href":"https:\/\/bico.ee\/lt\/wp-json\/wp\/v2\/product"}],"about":[{"href":"https:\/\/bico.ee\/lt\/wp-json\/wp\/v2\/types\/product"}],"wp:featuredmedia":[{"embeddable":true,"href":"https:\/\/bico.ee\/lt\/wp-json\/wp\/v2\/media\/18845"}],"wp:attachment":[{"href":"https:\/\/bico.ee\/lt\/wp-json\/wp\/v2\/media?parent=18844"}],"wp:term":[{"taxonomy":"product_cat","embeddable":true,"href":"https:\/\/bico.ee\/lt\/wp-json\/wp\/v2\/product_cat?post=18844"},{"taxonomy":"product_tag","embeddable":true,"href":"https:\/\/bico.ee\/lt\/wp-json\/wp\/v2\/product_tag?post=18844"}],"curies":[{"name":"wp","href":"https:\/\/api.w.org\/{rel}","templated":true}]}}