{"id":18855,"date":"2026-04-10T18:44:01","date_gmt":"2026-04-10T18:44:01","guid":{"rendered":""},"modified":"2026-04-10T18:44:01","modified_gmt":"2026-04-10T18:44:01","slug":"bico-snake-musta-keti-kaevoru-fb14-must-4mm-5-32","status":"publish","type":"product","link":"https:\/\/bico.ee\/lt\/p\/bico-snake-juodos-grandines-apyranke-fb14-juoda-4mm-5-32\/","title":{"rendered":"Bico &#8220;Snake&#8221; juodos grandin\u0117s apyrank\u0117 (FB14 juoda) 4mm 5\/32\u2033"},"content":{"rendered":"<p>\u0160i apyrank\u0117 pagaminta i\u0161 \u017ealvario, o ne plieno ar cinko, kaip pigesn\u0117s grandin\u0117s. Grandin\u0117 padengta juodos spalvos apdaila, poliruota rankomis, po to padengta auk\u0161\u010diausios kokyb\u0117s apsauginiu sluoksniu, kad b\u016bt\u0173 prat\u0119stas d\u0117v\u0117jimo laikas. Kiekviena grandin\u0117 pagaminta i\u0161 \u017ealvario ir padengta juodos spalvos apdaila. Galima \u012fsigyti juodos arba sidabrin\u0117s spalvos, 18, 21 ir 24 cm ilgio. Taip pat galima \u012fsigyti tinkamos grandin\u0117s: F14BLK.<\/p>","protected":false},"excerpt":{"rendered":"<p>FB14BLK 0<\/p>\n","protected":false},"featured_media":18856,"template":"","meta":[],"product_cat":[106,159],"product_tag":[],"_links":{"self":[{"href":"https:\/\/bico.ee\/lt\/wp-json\/wp\/v2\/product\/18855"}],"collection":[{"href":"https:\/\/bico.ee\/lt\/wp-json\/wp\/v2\/product"}],"about":[{"href":"https:\/\/bico.ee\/lt\/wp-json\/wp\/v2\/types\/product"}],"wp:featuredmedia":[{"embeddable":true,"href":"https:\/\/bico.ee\/lt\/wp-json\/wp\/v2\/media\/18856"}],"wp:attachment":[{"href":"https:\/\/bico.ee\/lt\/wp-json\/wp\/v2\/media?parent=18855"}],"wp:term":[{"taxonomy":"product_cat","embeddable":true,"href":"https:\/\/bico.ee\/lt\/wp-json\/wp\/v2\/product_cat?post=18855"},{"taxonomy":"product_tag","embeddable":true,"href":"https:\/\/bico.ee\/lt\/wp-json\/wp\/v2\/product_tag?post=18855"}],"curies":[{"name":"wp","href":"https:\/\/api.w.org\/{rel}","templated":true}]}}