{"id":18866,"date":"2026-04-10T18:44:01","date_gmt":"2026-04-10T18:44:01","guid":{"rendered":""},"modified":"2026-04-10T18:44:01","modified_gmt":"2026-04-10T18:44:01","slug":"bico-crystal-18cm-kasitsi-valmistatud-hobetatud-tina-kaevoru-fb43-10mm-25-64","status":"publish","type":"product","link":"https:\/\/bico.ee\/lt\/p\/bico-crystal-18-cm-ranku-darbo-sidabru-padengta-alavo-apyranke-fb43-10mm-25-64\/","title":{"rendered":"Bico &#8220;Crystal&#8221; 18 cm rank\u0173 darbo sidabru padengta alavo apyrank\u0117 (FB43) 10mm 25\/64\u2033"},"content":{"rendered":"<p>\u0160i apyrank\u0117 yra originalus \u201eBico\u201c dizainas, pagamintas i\u0161 individualiai i\u0161liet\u0173 ir rankomis u\u017ebaigt\u0173 alavo sait\u0173, kurios v\u0117liau sujungiamos. Grandin\u0117 padengta grynu sidabru, matiniu b\u016bdu padengta rankomis, po to padengta auk\u0161\u010diausios kokyb\u0117s apsauginiu sluoksniu, kad prailgint\u0173 d\u0117v\u0117jimo laik\u0105. \u201eBico\u201c papuo\u0161aluose naudojami tik \u201eSwarovski\u201c kristalai. Kiekviena apyrank\u0117 pagaminta i\u0161 individualiai i\u0161lietos ir rankiniu b\u016bdu padengtos alavo, padengta sidabru, o paskui padengta \u201eSwarovski\u201c kristalais. Galimi skaidr\u016bs, m\u0117lyni, \u0161viesiai m\u0117lyni ir raudoni \u201eSwarovski\u201c kristalai tik 18 cm ilgio.<\/p>","protected":false},"excerpt":{"rendered":"<p>FB43 0<\/p>\n","protected":false},"featured_media":18867,"template":"","meta":[],"product_cat":[106,159],"product_tag":[],"_links":{"self":[{"href":"https:\/\/bico.ee\/lt\/wp-json\/wp\/v2\/product\/18866"}],"collection":[{"href":"https:\/\/bico.ee\/lt\/wp-json\/wp\/v2\/product"}],"about":[{"href":"https:\/\/bico.ee\/lt\/wp-json\/wp\/v2\/types\/product"}],"wp:featuredmedia":[{"embeddable":true,"href":"https:\/\/bico.ee\/lt\/wp-json\/wp\/v2\/media\/18867"}],"wp:attachment":[{"href":"https:\/\/bico.ee\/lt\/wp-json\/wp\/v2\/media?parent=18866"}],"wp:term":[{"taxonomy":"product_cat","embeddable":true,"href":"https:\/\/bico.ee\/lt\/wp-json\/wp\/v2\/product_cat?post=18866"},{"taxonomy":"product_tag","embeddable":true,"href":"https:\/\/bico.ee\/lt\/wp-json\/wp\/v2\/product_tag?post=18866"}],"curies":[{"name":"wp","href":"https:\/\/api.w.org\/{rel}","templated":true}]}}